{"id":158797,"date":"2025-04-09T15:26:35","date_gmt":"2025-04-09T12:26:35","guid":{"rendered":"https:\/\/wp.ampler.bike\/?page_id=158797"},"modified":"2025-11-13T16:25:53","modified_gmt":"2025-11-13T14:25:53","slug":"how-it-works-funktionsweise","status":"publish","type":"page","link":"https:\/\/wp.ampler.bike\/de-DE\/how-it-works-funktionsweise\/","title":{"rendered":"How it works -Funktionsweise"},"content":{"rendered":"\n<hero-text-only title=\"Willkommen im\" subtitle=\"Ampler-Lifestyle\" button-text=\"Ampler E-Bikes entdecken\" button-url=\"\/[locale]\/e-bikes\" class=\"wp-block-ampler-hero-text-only\">Alles, was du wissen musst, um das Beste aus deinem Ampler E-Bike herauszuholen.<\/hero-text-only>\n\n\n\n<image-content subtitle=\"\" title=\"\" image=\"https:\/\/assets.ampler.bike\/a\/20250409113201\/novapro-howitworks-min-scaled.jpg\" class=\"wp-block-ampler-image-content\"><\/image-content>\n\n\n\n<cta title=\"Die ersten Schritte\" subtitle=\"\" class=\"wp-block-ampler-cta\"><buttons><\/buttons><\/cta>\n\n\n\n<imageBlock button-text=\"Lenker und Pedale ganz einfach montieren.\" content=\"Sobald du den Karton \u00f6ffnest, ist der Aufbau schnell und intuitiv: Pedale und Lenker montieren, Ladeger\u00e4t anschlie\u00dfen und los geht\u2019s. Egal, ob du zur Arbeit f\u00e4hrst oder einfach nur zum Spa\u00df, hier beginnt deine Fahrt.\" image-alt=\"\" image-border=\"false\" image-first=\"false\" image-src=\"https:\/\/assets.ampler.bike\/a\/20250409114302\/unpacking-red-howitworks-min-scaled.jpg\" leasing=\"false\" link=\"https:\/\/www.youtube.com\/watch?v=JlJgWkw9Gug&amp;list=PLChkhx7ClNN24Od-mJmhy-KZ2NZMev-fy&amp;index=1\" link-text=\"\" main-sub-title=\"\" main-title=\"\" no-margin=\"false\" subtitle=\"Fahrrad aus\" title=\"Pack dein Ampler\" image-with-rounded-corners=\"false\" background-color=\"\" text-color=\"\" class=\"wp-block-ampler-image-block\"><details><\/details><texts><\/texts><\/imageBlock>\n\n\n\n<imageBlock button-text=\"Mehr entdecken\" content=\"Bleib mit der Ampler App jederzeit mit deinem Fahrrad verbunden. Vom Batteriestand \u00fcber Reichweitenanzeige bis hin zur Einstellung des Motors, alles, was du brauchst, hast du direkt in der Hosentasche. Egal ob du eine lange Tour planst oder nur kurz losf\u00e4hrst, du hast jederzeit die volle Kontrolle. Kein R\u00e4tselraten, keine \u00dcberraschungen.\" detail=\"Schlie\u00dfe das Ladeger\u00e4t an, um das Fahrrad zu aktivieren und den ersten Start durchzuf\u00fchren.\" image-alt=\"\" image-border=\"false\" image-first=\"true\" image-src=\"https:\/\/assets.ampler.bike\/a\/20250409114245\/axel-phone-howitworks-min-scaled.jpg\" lead=\"\" leasing=\"false\" link=\"\/[locale]\/smart-app\" link-text=\"\" main-sub-title=\"\" main-title=\"\" no-margin=\"false\" subtitle=\"smarteres Fahren\" title=\"App verbinden,\" image-with-rounded-corners=\"false\" background-color=\"\" text-color=\"\" class=\"wp-block-ampler-image-block\"><details><\/details><texts><\/texts><\/imageBlock>\n\n\n\n<imageBlock button-text=\"\" content=\"Richte dein Fahrrad so ein, wie es dir gef\u00e4llt egal ob du einen Kindersitz, Packtaschen oder nur das N\u00f6tigste mitnehmen willst. Mit integrierten Befestigungspunkten und durchdachtem Design passt sich Ampler m\u00fchelos deinem Alltag an. Lenker und Pedale lassen sich in wenigen Minuten montieren und du bist startklar.\" detail=\"\" image-alt=\"\" image-border=\"false\" image-first=\"false\" image-src=\"https:\/\/assets.ampler.bike\/a\/20250409114240\/assemble-red-howitworks-min-scaled.jpg\" lead=\"\" leasing=\"false\" link=\"\" link-text=\"\" main-sub-title=\"\" main-title=\"\" no-margin=\"false\" subtitle=\"F\u00fcr alles ger\u00fcstet.\" title=\"In Minuten bereit.\" image-with-rounded-corners=\"false\" background-color=\"\" text-color=\"\" class=\"wp-block-ampler-image-block\"><details><\/details><texts><\/texts><\/imageBlock>\n\n\n\n<hero-text-only title=\"Mach jeden Tag\" subtitle=\"zu einem guten Tag\" class=\"wp-block-ampler-hero-text-only\">Ampler E-Bikes wurden entwickelt, um deinen Alltag zu vereinfachen und dir mehr Tempo zu erm\u00f6glichen. Umfahre den Verkehr, spare Zeit und genie\u00dfe eine angenehmere Fahrt, ganz ohne ins Schwitzen zu geraten. Mit smarten Funktionen und einem wartungsarmen Design kommst du schneller ans Ziel und kannst deine Energie auf die Dinge richten, die wirklich z\u00e4hlen.<\/hero-text-only>\n\n\n\n<image-content subtitle=\"\" title=\"\" image=\"https:\/\/assets.ampler.bike\/a\/20250409114256\/novapro-family-howitworks-min-scaled.jpg\" class=\"wp-block-ampler-image-content\"><\/image-content>\n\n\n\n<imageBlock button-text=\"\" content=\"Ampler Bikes sind so konzipiert, dass sie leicht genug f\u00fcr den Alltag sind. Egal ob du sie die Wohnungstreppen hinauftr\u00e4gst, ins B\u00fcro rollst oder mit \u00f6ffentlichen Verkehrsmitteln unterwegs bist, dank des schlanken Rahmens und der durchdachten Gewichtsverteilung ist es kein Problem mehr, dein Rad mitzunehmen. Es geh\u00f6rt einfach zur Fahrt dazu.\" detail=\"Versuch mal, es mit einer Hand zu tragen, einfach, weil du es kannst!\" image-alt=\"\" image-border=\"false\" image-first=\"true\" image-src=\"https:\/\/assets.ampler.bike\/a\/20250409114251\/lift-curt-lightweight-howitworks-min-scaled.jpg\" lead=\"\" leasing=\"false\" link=\"\" link-text=\"\" main-sub-title=\"\" main-title=\"\" no-margin=\"false\" subtitle=\"Einfach leicht.\" title=\"Treppensteigen?\" image-with-rounded-corners=\"false\" background-color=\"\" text-color=\"\" class=\"wp-block-ampler-image-block\"><details><\/details><texts><\/texts><\/imageBlock>\n\n\n\n<feature-content-cards subtitle=\"Kein Problem!\" title=\"Akku leer?\" background-color=\"\" text-color=\"\" class=\"wp-block-ampler-feature-content-cards\"><items><item index=\"0\" src=\"https:\/\/assets.ampler.bike\/a\/20250505174234\/keep-pedalling-min.jpg\" title=\"Weiterfahren, f\u00fchlt sich auch ohne Akku wie ein Fahrrad an\" tag-line-text=\"<strong&gt;Alle Modelle<\/strong&gt;\">Amplers leichter Rahmen sorgt daf\u00fcr, dass es sich selbst ohne Unterst\u00fctzung nat\u00fcrlich f\u00e4hrt. Kein Widerstand, kein Ziehen nur fl\u00fcssiges Pedalieren.<\/item><item index=\"1\" src=\"https:\/\/assets.ampler.bike\/a\/20250401085332\/usb-c-min.jpg\" title=\"Einfach \u00fcberall laden, dank USB-C sogar mit dem Laptop\" tag-line-text=\"Comfort Line\">Nova und Nova Pro lassen sich \u00fcberall laden, am Schreibtisch mit deinem Laptop-Ladeger\u00e4t oder unterwegs mit einer Powerbank als Ersatzakku.<\/item><item index=\"2\" src=\"https:\/\/assets.ampler.bike\/a\/20250409121631\/curt-charging-min.jpg\" title=\"Schnelles Laden, sofort wieder unterwegs\" tag-line-text=\"Performance Line\">Curt und Curt Anyroad nutzen das klassische Schnellladeger\u00e4t, ideal f\u00fcr ein kurzes Aufladen vor dem Arbeitsweg oder dem Wochenendtrip.<\/item><\/items><\/feature-content-cards>\n\n\n\n<imageBlock button-text=\"\" content=\"In das Oberrohr integriert, zeigt dir das Display den Akkustand, Fahrtdaten und gibt dir volle Kontrolle, direkt unter dem Daumen. \u00dcber den Knopf schaltest du das Bike ein, steuerst das Licht und w\u00e4hlst zwischen drei Unterst\u00fctzungsstufen: keine, mittel oder volle Power. Alles an einem Ort.\" detail=\"\" image-alt=\"\" image-border=\"false\" image-first=\"false\" image-src=\"https:\/\/assets.ampler.bike\/a\/20250411122826\/ampler-display-scaled.jpg\" lead=\"\" leasing=\"false\" link=\"\" link-text=\"\" main-sub-title=\"\" main-title=\"\" no-margin=\"false\" subtitle=\"f\u00fcr nahtlose Kontrolle\" title=\"Integriertes Display\" image-with-rounded-corners=\"false\" background-color=\"\" text-color=\"\" class=\"wp-block-ampler-image-block\"><details><\/details><texts><\/texts><\/imageBlock>\n\n\n\n<div style=\"height:50px\" aria-hidden=\"true\" class=\"wp-block-spacer\"><\/div>\n\n\n\n<imageBlock button-text=\"Mehr entdecken\" content=\"Die Ampler App ist dein leiser Co-Pilot, der dir hilft, deine Fahrt zu personalisieren und die Kontrolle zu behalten. Stelle die Motorunterst\u00fctzung und den Widerstand an deinen Fahrstil an, verfolge den Standort deines Rades per GPS und behalte den Akkustand in Echtzeit im Blick. Du brauchst Hilfe? Kontaktiere den Kundenservice direkt \u00fcber die App.\" detail=\"Unser Kundenservice kann deine App-Daten nutzen, um dich besser bei Problemen zu unterst\u00fctzen.\" image-alt=\"\" image-border=\"false\" image-first=\"true\" image-src=\"https:\/\/assets.ampler.bike\/a\/20250409114235\/app-connected-nova-glacier-howitworks-min-scaled.jpg\" lead=\"\" leasing=\"false\" link=\"\/[locale]\/smart-app\" link-text=\"\" main-sub-title=\"\" main-title=\"\" no-margin=\"false\" subtitle=\"mit der Ampler app\" title=\"Mehr aus jeder Fahrt\" image-with-rounded-corners=\"false\" background-color=\"\" text-color=\"\" class=\"wp-block-ampler-image-block\"><details><\/details><texts><\/texts><\/imageBlock>\n\n\n\n<imageBlock button-text=\"\" content=\"Wenn du keine Antwort auf unserer Support-Seite findest, kannst du uns telefonisch oder per E-Mail erreichen.Wir sprechen Englisch, Deutsch und Estnisch.<br&gt;<br&gt;<strong&gt;Kundendienst-Zeiten<\/strong&gt;<br&gt;Montag - Freitag: 9:00 - 15:00 Uhr (MEZ)\u00a0<br&gt;\u00a0+49 30 5683 7159<br&gt;<br&gt;<strong&gt;Schreib uns eine E-Mail<\/strong&gt;<br&gt;hello@amplerbikes.com\" detail=\"\" image-alt=\"\" image-border=\"false\" image-first=\"true\" image-src=\"https:\/\/assets.ampler.bike\/a\/20250405110442\/showroom-scaled.jpg\" lead=\"\" leasing=\"false\" link=\"\" link-text=\"\" main-sub-title=\"\" main-title=\"\" no-margin=\"false\" subtitle=\"Ruf uns an.\" title=\"Braucht\u2019s Hilfe?\" image-with-rounded-corners=\"false\" background-color=\"\" text-color=\"\" class=\"wp-block-ampler-image-block\"><details><\/details><texts><\/texts><\/imageBlock>\n\n\n\n<image-block-category title=\"Wir sind f\u00fcr dich da\" image=\"https:\/\/assets.ampler.bike\/a\/20250409114230\/amper-service-map-howitworks-min-scaled.jpg\" button-text=\"Servicezentren entdecken\" button-link=\"\/[locale]\/service-centres\" class=\"wp-block-ampler-image-block-category\">physisch &amp; digital<\/image-block-category>\n\n\n\n<image-block-cta subtitle=\"passt zu dir?\" title=\"Welches Ampler E-Bike\" image=\"https:\/\/assets.ampler.bike\/a\/20250409125257\/CTA-Bike-min-scaled.jpg\" class=\"wp-block-ampler-image-block-cta\"><buttons><button index=\"0\" text=\"Find your e-bike\" link=\"\/[locale]\/e-bikes\" color=\"white\"><\/button><\/buttons><\/image-block-cta>\n","protected":false},"excerpt":{"rendered":"","protected":false},"author":24,"featured_media":164214,"parent":0,"menu_order":0,"comment_status":"closed","ping_status":"closed","template":"","meta":{"footnotes":""},"_links":{"self":[{"href":"https:\/\/wp.ampler.bike\/de-DE\/wp-json\/wp\/v2\/pages\/158797"}],"collection":[{"href":"https:\/\/wp.ampler.bike\/de-DE\/wp-json\/wp\/v2\/pages"}],"about":[{"href":"https:\/\/wp.ampler.bike\/de-DE\/wp-json\/wp\/v2\/types\/page"}],"author":[{"embeddable":true,"href":"https:\/\/wp.ampler.bike\/de-DE\/wp-json\/wp\/v2\/users\/24"}],"replies":[{"embeddable":true,"href":"https:\/\/wp.ampler.bike\/de-DE\/wp-json\/wp\/v2\/comments?post=158797"}],"version-history":[{"count":14,"href":"https:\/\/wp.ampler.bike\/de-DE\/wp-json\/wp\/v2\/pages\/158797\/revisions"}],"predecessor-version":[{"id":178316,"href":"https:\/\/wp.ampler.bike\/de-DE\/wp-json\/wp\/v2\/pages\/158797\/revisions\/178316"}],"wp:featuredmedia":[{"embeddable":true,"href":"https:\/\/wp.ampler.bike\/de-DE\/wp-json\/wp\/v2\/media\/164214"}],"wp:attachment":[{"href":"https:\/\/wp.ampler.bike\/de-DE\/wp-json\/wp\/v2\/media?parent=158797"}],"curies":[{"name":"wp","href":"https:\/\/api.w.org\/{rel}","templated":true}]}}