{"id":9980,"date":"2021-01-28T21:42:19","date_gmt":"2021-01-28T21:42:19","guid":{"rendered":"https:\/\/wp.ampler.bike\/test-ride\/"},"modified":"2025-04-07T11:33:15","modified_gmt":"2025-04-07T08:33:15","slug":"probe-fahren","status":"publish","type":"page","link":"https:\/\/wp.ampler.bike\/de-CH\/probe-fahren\/","title":{"rendered":"Probe fahren"},"content":{"rendered":"\n<hero headline=\"Ampler E-Bikes Probefahren\" title=\"Teste Ampler selbst!\" lead=\"Entdecke das erstklassige Fahrgef\u00fchl eines Ampler E-Bikes selbst. Vereinbare jetzt deine kostenlose Testfahrt in der N\u00e4he und entdecke, wie eine Fahrt dein E-Bike-Erlebnis f\u00fcr immer ver\u00e4ndern kann.\" half-height=\"true\" is-subtitle-smaller=\"true\" src=\"https:\/\/assets.ampler.bike\/a\/20240418123252\/Ampler-Cover-Photos.jpg\" class=\"wp-block-ampler-hero\"><perks><\/perks><\/hero>\n\n\n\n<test-ride-map title=\"Finde deinen n\u00e4chsten Standort f\u00fcr eine Probefahrt.\" search-city-label=\"Search city or country\" search-city-placeholder-text=\"Search... \" select-bike-label=\"Select bike model\" select-size-label=\"Select bike size\" reset-filters-label=\"Reset filters\" continue-button-text=\"continue\" accept-text=\"I accept the test ride <a href=&quot;\/locale\/test-ride-terms-conditions&quot;&gt;T&amp;C's<\/a&gt;\" all-models-label=\"All\" test-ride-email-text-label=\"For a test ride, visit Ratas &amp; Kohv at Paldiski mnt 67, Tallinn\" class=\"wp-block-ampler-test-ride-map\">W\u00e4hle ein Modell und buche deine Probefahrt mit einem Ampler E-Bike!<\/test-ride-map>\n\n\n\n<test-ride-types title=\"Optionen f\u00fcr Testfahrten erkl\u00e4rt\" class=\"wp-block-ampler-test-ride-types\"><items><item index=\"0\" icon=\"showrooms\" headline=\"Showrooms\">In unseren Showrooms kannst du alle E-Bike-Modelle testen, pers\u00f6nliche Beratung von Experten erhalten und sofort verf\u00fcgbare E-Bikes kaufen.&lt;br>&lt;br>Die Showroom dienen auch als Servicezentren f\u00fcr bestehende Ampler-Besitzer.<\/item><item index=\"1\" icon=\"ambassadors\" headline=\"Ambassadors\">Vereinbare einen Termin, treffe den Botschafter, erhalte eine Vorstellung vom E-Bike und genie\u00dfe eine unterhaltsame Testfahrt!&lt;br>&lt;br>Ampler-Botschafter haben m\u00f6glicherweise nicht jedes Modell zur Hand, bieten jedoch echte Einblicke in die Vorteile der t\u00e4glichen Nutzung von E-Bikes.<\/item><item index=\"2\" icon=\"events\" headline=\"Events\">Teste unsere E-Bikes bei verschiedenen Veranstaltungen in ganz Europa und erfahre mehr \u00fcber Ampler.<\/item><\/items><\/test-ride-types>\n\n\n\n<table title=\"Compare our\" subtitle=\"models\" class=\"wp-block-ampler-table\"><props><prop text=\"Riding Position\"><\/prop><prop text=\"F\u00fcr Fahrer geeignet\"><\/prop><prop text=\"Gewicht\"><\/prop><prop text=\"Gabel\"><\/prop><prop text=\"Getriebe und Antriebsstrang\"><\/prop><prop text=\"Range\"><\/prop><prop text=\"Kickstand\"><\/prop><prop text=\"Gepr\u00e4cktr\u00e4ger hinten\"><\/prop><\/props><items><item index=\"0\" src=\"https:\/\/assets.ampler.bike\/a\/20250331225612\/nova-couple.png\" bikeid=\"nova\" title=\"Der ideale Einstieg in urbane E-Bikes mit Komfort.\" tagline=\"Neu!\" link=\"\/nova\" linktext=\"\"><content index=\"0\" value=\"Aufrecht<br&gt;<a href=&quot;https:\/\/amplerbikes.com\/de-DE\/e-bikes\/stellar&quot;&gt;<\/a&gt;\"><\/content><content index=\"1\" value=\"S: 160-172 cm<br&gt;M: 173-185 cm<br&gt;L: 186-200 cm\"><\/content><content index=\"2\" value=\"17.4 kg\"><\/content><content index=\"3\" value=\"Aluminum\"><\/content><content index=\"4\" value=\"9-gang MicroSHIFT\"><\/content><content index=\"5\" value=\"50-100 km\"><\/content><content index=\"6\" value=\"Ja\"><\/content><content index=\"7\" value=\"Optional\"><\/content><\/item><item index=\"1\" src=\"https:\/\/assets.ampler.bike\/a\/20250331225629\/nova-pro-couple.png\" bikeid=\"novapro\" title=\"Ein hochwertiger Allrounder f\u00fcr l\u00e4ngere, sanftere Fahrten.\" tagline=\"Neu!\" link=\"\/nova-pro\" linktext=\"\"><content index=\"0\" value=\"Aktiv\"><\/content><content index=\"1\" value=\"S: 160-172 cm<br&gt;M: 173-185 cm<br&gt;L: 186-200 cm\"><\/content><content index=\"2\" value=\"16.6-17.7kg\"><\/content><content index=\"3\" value=\"Aluminum\"><\/content><content index=\"4\" value=\"10-gang Shimano Deore<br&gt;Singlespeed Carbon CDX\"><\/content><content index=\"5\" value=\"50-100 km\"><\/content><content index=\"6\" value=\"Ja\"><\/content><content index=\"7\" value=\"Inklusive\"><\/content><\/item><item index=\"2\" src=\"https:\/\/assets.ampler.bike\/a\/20250331225649\/curt-couple.png\" bikeid=\"2472_2478\" title=\"Das leichteste, sportlichste Bike f\u00fcr agile Stadt-Leistung.\" tagline=\"\" link=\"\/curt\" linktext=\"\"><content index=\"0\" value=\"Sportlich\"><\/content><content index=\"1\" value=\"S: 160-172 cm<br&gt;M: 173-185 cm<br&gt;L: 186-198 cm\"><\/content><content index=\"2\" value=\"14.4 kg\"><\/content><content index=\"3\" value=\"Carbon\"><\/content><content index=\"4\" value=\"Singlespeed Carbon CDX\"><\/content><content index=\"5\" value=\"50-100 km\"><\/content><content index=\"6\" value=\"Nein\"><\/content><content index=\"7\" value=\"Optional\"><\/content><\/item><item index=\"3\" src=\"https:\/\/assets.ampler.bike\/a\/20250331225710\/anyroad-couple.png\" bikeid=\"2476_2477\" title=\"Abenteuerfeste Stabilit\u00e4t f\u00fcr jede Stra\u00dfe, die vor dir liegt.\" tagline=\"\" link=\"\/curt-anyroad\" linktext=\"\"><content index=\"0\" value=\"Aktiv\"><\/content><content index=\"1\" value=\"S: 160-172 cm<br&gt;M: 173-185 cm<br&gt;L: 186-198 cm\"><\/content><content index=\"2\" value=\"16.9 kg\"><\/content><content index=\"3\" value=\"Aluminum\"><\/content><content index=\"4\" value=\"10-gang MicroSHIFT\"><\/content><content index=\"5\" value=\"50-100 km\"><\/content><content index=\"6\" value=\"Ja\"><\/content><content index=\"7\" value=\"Optional\"><\/content><\/item><\/items><\/table>\n\n\n\n<image-content subtitle=\"den passenden Standort gefunden?\" title=\"Nicht das richtige E-Bike oder \" image=\"https:\/\/assets.ampler.bike\/a\/20250401135258\/pro-cta-min-scaled.jpg\" button-text=\"E-Bikes Entdecken\" button-link=\"\/[locale]\/e-bikes\" class=\"wp-block-ampler-image-content\">Nutze unser 14-t\u00e4giges R\u00fcckgaberecht und finde heraus, wie ein Ampler-E-Bike in deinen Alltag passt.<\/image-content>\n","protected":false},"excerpt":{"rendered":"","protected":false},"author":1,"featured_media":156634,"parent":0,"menu_order":0,"comment_status":"closed","ping_status":"closed","template":"","meta":{"footnotes":""},"_links":{"self":[{"href":"https:\/\/wp.ampler.bike\/de-CH\/wp-json\/wp\/v2\/pages\/9980"}],"collection":[{"href":"https:\/\/wp.ampler.bike\/de-CH\/wp-json\/wp\/v2\/pages"}],"about":[{"href":"https:\/\/wp.ampler.bike\/de-CH\/wp-json\/wp\/v2\/types\/page"}],"author":[{"embeddable":true,"href":"https:\/\/wp.ampler.bike\/de-CH\/wp-json\/wp\/v2\/users\/1"}],"replies":[{"embeddable":true,"href":"https:\/\/wp.ampler.bike\/de-CH\/wp-json\/wp\/v2\/comments?post=9980"}],"version-history":[{"count":62,"href":"https:\/\/wp.ampler.bike\/de-CH\/wp-json\/wp\/v2\/pages\/9980\/revisions"}],"predecessor-version":[{"id":156737,"href":"https:\/\/wp.ampler.bike\/de-CH\/wp-json\/wp\/v2\/pages\/9980\/revisions\/156737"}],"wp:featuredmedia":[{"embeddable":true,"href":"https:\/\/wp.ampler.bike\/de-CH\/wp-json\/wp\/v2\/media\/156634"}],"wp:attachment":[{"href":"https:\/\/wp.ampler.bike\/de-CH\/wp-json\/wp\/v2\/media?parent=9980"}],"curies":[{"name":"wp","href":"https:\/\/api.w.org\/{rel}","templated":true}]}}