{"id":82226,"date":"2022-09-21T06:59:34","date_gmt":"2022-09-21T06:59:34","guid":{"rendered":"https:\/\/wp.ampler.bike\/auf-lager\/"},"modified":"2024-05-21T11:31:13","modified_gmt":"2024-05-21T08:31:13","slug":"auf-lager","status":"publish","type":"page","link":"https:\/\/wp.ampler.bike\/de-CH\/auf-lager\/","title":{"rendered":"Auf Lager"},"content":{"rendered":"\n<hero headline=\"E-Bikes auf Lager\" title=\"\" lead=\"Entdecke unsere sofort lieferbaren Ampler E-Bikes.\" half-height=\"true\" src=\"https:\/\/assets.ampler.bike\/a\/20220922100641\/hero-in-stock-desktop_cropped-scaled.jpg\" class=\"wp-block-ampler-hero\"><perks><\/perks><animated-strings><\/animated-strings><\/hero>\n\n\n\n<outlet-categories title=\"<a&gt;Kategorien<\/a&gt;\" class=\"wp-block-ampler-outlet-categories\"><items><item index=\"0\" headline=\"Neu\" description=\"Unber\u00fchrt, direkt aus der Fabrik, verspricht es den Nervenkitzel einer ersten Fahrt wie kein anderes.\"><\/item><item index=\"1\" headline=\"\u00dcberholt\" description=\"Fahrr\u00e4der mit minimalen Gebrauchsspuren aus der Produktion oder fr\u00fcher Nutzung. Garantiert den vollen Ampler-Fahrspa\u00df.\"><\/item><item index=\"2\" headline=\"Pre-loved\" description=\"\u00dcberholte Fahrr\u00e4der mit etwas mehr Kilometern und sichtbaren Gebrauchsspuren. Sorgf\u00e4ltig gewartet, bietet es eine zweite Chance auf Abenteuer ohne Kompromisse.\"><\/item><\/items><\/outlet-categories>\n\n\n\n<bikesInStock refurbished-text=\"\u00dcberholt\" factory-second-text=\"Factory second\" new-text=\"Neu\" pre-loved-text=\"Pre-loved\" filter-title=\"Finde das perfekte E-Bike f\u00fcr dich\" filter-model-label=\"Modell\" filter-size-label=\"Gr\u00f6\u00dfe\" filter-category-label=\"Kategorie\" filter-all-models-label=\"Alle Modelle\" filter-all-sizes-label=\"Alle Gr\u00f6\u00dfen\" filter-all-categories-label=\"Alle Kategorien\" reset-label=\"Alle Filter zur\u00fccksetzen\" carrier-label=\"Mit Gep\u00e4cktr\u00e4ger\" left-in-stock-text=\"auf Lager\" frame-size-label-text=\"Rahmengr\u00f6\u00dfe\" inseam-label-text=\"Innenbeinl\u00e4nge\" frame-size-guide-page-link=\"\/[locale]\/rahmengroessenrechner\" vat-info-text=\"Preis inkl. [rate]% MwSt.\" shipping-info-link=\"https:\/\/support.amplerbikes.com\/de\/support\/solutions\/folders\/43000563800\" shipping-info-text=\"\" buy-button-text=\"Bestellen\" class=\"wp-block-ampler-bikes-in-stock\">Wir haben derzeit keine E-Bikes verf\u00fcgbar, die deiner Auswahl entsprechen. Schau gern auf &lt;a href=&#187;\/[locale]&#187;>unsere Homepage&lt;\/a>, um dir einen \u00dcberblick \u00fcber die anderen Modelle zu schaffen.<\/bikesInStock>\n\n\n\n<table-expandable title=\"Entdecke die gesamte Produktauswahl von Ampler\" expand-button-text=\"Mehr Info\" collapse-button-text=\"Weniger Info\" is-with-minimized-content=\"true\" is-expand-button-text-color-ltd=\"false\" anchor-link=\"#comparison-table\" group-by-category=\"true\" class=\"wp-block-ampler-table-expandable\"><contentTop><content-top index=\"0\" src=\"https:\/\/assets.ampler.bike\/a\/20240314141024\/comparison-curt-lowstep.jpg\" model=\"Curt\" bikeid=\"2472\" description=\"Leicht, Agil und vielseitig\" button-text=\"Entdecke\" button-link=\"\/[locale]\/e-bikes\/curt\" category=\"Performance\"><frame-sizes index=\"0\" size=\"small\"><\/frame-sizes><frame-sizes index=\"1\" size=\"medium\"><\/frame-sizes><frame-sizes index=\"2\" size=\"large\"><\/frame-sizes><riding-style index=\"0\" icon=\"Curt-position\" description=\"Sportlich\"><\/riding-style><\/content-top><content-top index=\"1\" src=\"https:\/\/assets.ampler.bike\/a\/20240314141030\/comparison-curt-anyroad.jpg\" model=\"Curt Anyroad\" bikeid=\"2476\" description=\"Bereit f\u00fcr jedes Abenteuer\" button-text=\"Entdecke\" button-link=\"\/[locale]\/e-bikes\/curt-anyroad\" category=\"Performance\"><frame-sizes index=\"0\" size=\"small\"><\/frame-sizes><frame-sizes index=\"1\" size=\"medium\"><\/frame-sizes><frame-sizes index=\"2\" size=\"large\"><\/frame-sizes><riding-style index=\"0\" icon=\"Curt Anyroad-position\" description=\"Aktiv\"><\/riding-style><\/content-top><content-top index=\"2\" src=\"https:\/\/assets.ampler.bike\/a\/20240314141022\/comparison-stout.jpg\" model=\"Stout\" bikeid=\"2471\" description=\"Sorgloser und vielseitiger Allrounder\" button-text=\"Entdecke\" button-link=\"\/[locale]\/e-bikes\/stout\" category=\"Touring\"><frame-sizes index=\"0\" size=\"medium\"><\/frame-sizes><frame-sizes index=\"1\" size=\"large\"><\/frame-sizes><riding-style index=\"0\" icon=\"Stout-position\" description=\"Aufrecht\"><\/riding-style><\/content-top><content-top index=\"3\" src=\"https:\/\/assets.ampler.bike\/a\/20240314141020\/comparison-stellar.jpg\" model=\"Stellar\" bikeid=\"2475\" description=\"Ein wahrer Allrounder mit niedrigem Rahmen\" button-text=\"Entdecke\" button-link=\"\/[locale]\/e-bikes\/stellar\" category=\"Touring\"><frame-sizes index=\"0\" size=\"small\"><\/frame-sizes><frame-sizes index=\"1\" size=\"medium\"><\/frame-sizes><riding-style index=\"0\" icon=\"Stellar-position\" description=\"Aufrecht\"><\/riding-style><\/content-top><content-top index=\"4\" src=\"https:\/\/assets.ampler.bike\/a\/20240314141026\/comparison-axel.jpg\" model=\"Axel\" bikeid=\"2474\" description=\"Flinkes Pendler-E-Bike mit ausgepr\u00e4gter Einfachheit und Stil\" button-text=\"Entdecke\" button-link=\"\/[locale]\/e-bikes\/axel\" category=\"Urban\"><frame-sizes index=\"0\" size=\"medium\"><\/frame-sizes><frame-sizes index=\"1\" size=\"large\"><\/frame-sizes><riding-style index=\"0\" icon=\"Axel-position\" description=\"Aktiv\"><\/riding-style><\/content-top><content-top index=\"5\" src=\"https:\/\/assets.ampler.bike\/a\/20240314141017\/comparison-juna.jpg\" model=\"Juna\" bikeid=\"2473\" description=\"Entspanntes und bequemes E-Bike f\u00fcr den Alltag\" button-text=\"Entdecke\" button-link=\"\/[locale]\/e-bikes\/juna\" category=\"Urban\"><frame-sizes index=\"0\" size=\"xsmall\"><\/frame-sizes><frame-sizes index=\"1\" size=\"small\"><\/frame-sizes><riding-style index=\"0\" icon=\"Juna-position\" description=\"Aufrecht\"><\/riding-style><\/content-top><\/contentTop><contentBottom><content-bottom index=\"0\" weight-label=\"Gewicht\" weight-value=\"14.4 kg \/ 15.7 kg\" size-label=\"F\u00fcr Fahrer geeignet\" drive-label=\"Getriebe und Antriebsstrang\" equipped-label=\"Ausgestattet mit\" extras-label=\"Optional\" fork-label=\"Gabel\"><size-value index=\"0\" text=\"160\u2013172 cm\" icon=\"small\"><\/size-value><size-value index=\"1\" text=\"173\u2013185 cm\" icon=\"medium\"><\/size-value><size-value index=\"2\" text=\"186\u2013198 cm\" icon=\"large\"><\/size-value><fork-value index=\"0\" text=\"Carbon\"><\/fork-value><drive-value index=\"0\" text=\"Singlespeed-Riemenantrieb\"><\/drive-value><equipped-value index=\"0\" text=\"Schutzbleche\"><\/equipped-value><equipped-value index=\"1\" text=\"Stra\u00dfentaugliche Lichter\"><\/equipped-value><equipped-value index=\"2\" text=\"Reflektoren\"><\/equipped-value><equipped-value index=\"3\" text=\"Klingel\"><\/equipped-value><extras-value index=\"0\" text=\"Gepr\u00e4cktr\u00e4ger hinten\"><\/extras-value><\/content-bottom><content-bottom index=\"1\" weight-label=\"Gewicht\" weight-value=\"16.9 kg\" size-label=\"F\u00fcr Fahrer geeignet\" drive-label=\"Getriebe und Antriebsstrang\" equipped-label=\"Ausgestattet mit\" extras-label=\"Optional\" fork-label=\"Gabel\"><size-value index=\"0\" text=\"160\u2013172 cm\" icon=\"small\"><\/size-value><size-value index=\"1\" text=\"173\u2013185 cm\" icon=\"medium\"><\/size-value><size-value index=\"2\" text=\"186\u2013198 cm\" icon=\"large\"><\/size-value><fork-value index=\"0\" text=\"Aluminium\"><\/fork-value><drive-value index=\"0\" text=\"10-Gang-Kettenantrieb\"><\/drive-value><equipped-value index=\"0\" text=\"Schutzbleche\"><\/equipped-value><equipped-value index=\"1\" text=\"Stra\u00dfentaugliche Lichter\"><\/equipped-value><equipped-value index=\"2\" text=\"Reflektoren\"><\/equipped-value><equipped-value index=\"3\" text=\"Klingel\"><\/equipped-value><equipped-value index=\"4\" text=\"St\u00e4nder\"><\/equipped-value><extras-value index=\"0\" text=\"Gepr\u00e4cktr\u00e4ger hinten\"><\/extras-value><\/content-bottom><content-bottom index=\"2\" weight-label=\"Gewicht\" weight-value=\"17.8 kg\" size-label=\"F\u00fcr Fahrer geeignet\" drive-label=\"Getriebe und Antriebsstrang\" equipped-label=\"Ausgestattet mit\" extras-label=\"Optional\" fork-label=\"Gabel\"><size-value index=\"0\" text=\"170\u2013185 cm\" icon=\"medium\"><\/size-value><size-value index=\"1\" text=\"186\u2013200 cm\" icon=\"large\"><\/size-value><fork-value index=\"0\" text=\"Aluminium\"><\/fork-value><drive-value index=\"0\" text=\"9-Gang-Kettenantrieb\"><\/drive-value><equipped-value index=\"0\" text=\"Schutzbleche\"><\/equipped-value><equipped-value index=\"1\" text=\"Stra\u00dfentaugliche Lichter\"><\/equipped-value><equipped-value index=\"2\" text=\"Reflektoren\"><\/equipped-value><equipped-value index=\"3\" text=\"Klingel\"><\/equipped-value><equipped-value index=\"4\" text=\"St\u00e4nder\"><\/equipped-value><extras-value index=\"0\" text=\"Gepr\u00e4cktr\u00e4ger hinten\"><\/extras-value><\/content-bottom><content-bottom index=\"3\" weight-label=\"Gewicht\" weight-value=\"17.8 kg\" size-label=\"F\u00fcr Fahrer geeignet\" drive-label=\"Getriebe und Antriebsstrang\" equipped-label=\"Ausgestattet mit\" extras-label=\"Optional\" fork-label=\"Gabel\"><size-value index=\"0\" text=\"160\u2013172 cm\" icon=\"small\"><\/size-value><size-value index=\"1\" text=\"173\u2013185 cm\" icon=\"medium\"><\/size-value><fork-value index=\"0\" text=\"Aluminium\"><\/fork-value><drive-value index=\"0\" text=\"9-Gang-Kettenantrieb\"><\/drive-value><equipped-value index=\"0\" text=\"Schutzbleche\"><\/equipped-value><equipped-value index=\"1\" text=\"Stra\u00dfentaugliche Lichter\"><\/equipped-value><equipped-value index=\"2\" text=\"Reflektoren\"><\/equipped-value><equipped-value index=\"3\" text=\"Klingel\"><\/equipped-value><equipped-value index=\"4\" text=\"St\u00e4nder\"><\/equipped-value><extras-value index=\"0\" text=\"Gepr\u00e4cktr\u00e4ger hinten\"><\/extras-value><\/content-bottom><content-bottom index=\"4\" weight-label=\"Gewicht\" weight-value=\"16.3 kg\" size-label=\"F\u00fcr Fahrer geeignet\" drive-label=\"Getriebe und Antriebsstrang\" equipped-label=\"Ausgestattet mit\" extras-label=\"Optional\" fork-label=\"Gabel\"><size-value index=\"0\" text=\"172\u2013185 cm\" icon=\"medium\"><\/size-value><size-value index=\"1\" text=\"186\u2013200 cm\" icon=\"large\"><\/size-value><fork-value index=\"0\" text=\"Aluminium\"><\/fork-value><drive-value index=\"0\" text=\"Singlespeed-Riemenantrieb\"><\/drive-value><equipped-value index=\"0\" text=\"Schutzbleche\"><\/equipped-value><equipped-value index=\"1\" text=\"Stra\u00dfentaugliche Lichter\"><\/equipped-value><equipped-value index=\"2\" text=\"Reflektoren\"><\/equipped-value><equipped-value index=\"3\" text=\"Klingel\"><\/equipped-value><equipped-value index=\"4\" text=\"St\u00e4nder\"><\/equipped-value><extras-value index=\"0\" text=\"Gepr\u00e4cktr\u00e4ger hinten\"><\/extras-value><\/content-bottom><content-bottom index=\"5\" weight-label=\"Gewicht\" weight-value=\"16.5 kg\" size-label=\"F\u00fcr Fahrer geeignet\" drive-label=\"Getriebe und Antriebsstrang\" equipped-label=\"Ausgestattet mit\" extras-label=\"Optional\" fork-label=\"Gabel\"><size-value index=\"0\" text=\"150\u2013162 cm\" icon=\"xsmall\"><\/size-value><size-value index=\"1\" text=\"163\u2013174 cm\" icon=\"small\"><\/size-value><fork-value index=\"0\" text=\"Aluminium\"><\/fork-value><drive-value index=\"0\" text=\"Singlespeed-Riemenantrieb\"><\/drive-value><equipped-value index=\"0\" text=\"Schutzbleche\"><\/equipped-value><equipped-value index=\"1\" text=\"Stra\u00dfentaugliche Lichter\"><\/equipped-value><equipped-value index=\"2\" text=\"Reflektoren\"><\/equipped-value><equipped-value index=\"3\" text=\"Klingel\"><\/equipped-value><equipped-value index=\"4\" text=\"St\u00e4nder\"><\/equipped-value><extras-value index=\"0\" text=\"Gepr\u00e4cktr\u00e4ger hinten\"><\/extras-value><\/content-bottom><\/contentBottom><\/table-expandable>\n\n\n\n<faq title=\"H\u00e4ufig gestellte Fragen\" class=\"wp-block-ampler-faq\"><items><item index=\"0\" title=\"Singlespeed oder Gangschaltung? Was ist die bessere Option f\u00fcr mich?\">Die Singlespeed-Variante (mit Riemenantrieb) ist die effizienteste Antriebsform, w\u00e4hrend die Variante mit Zahnr\u00e4dern und Kette am flexibelsten ist.&lt;br>&lt;br>In h\u00fcgeligem Gel\u00e4nde ist eine Gangschaltung praktisch, w\u00e4hrend sie in flachen Regionen und Stadtzentren weniger gebraucht wird. F\u00fcr das Fahren in der Stadt ist ein Riemenantrieb in der Regel besser. Dieser ist simpel, langlebig und wartungsarm.<\/item><item index=\"1\" title=\"Kann ich die Outlet E-Bikes auch mit einer anderen Ausstattung kaufen?\">Outlet E-Bikes sind nur mit der angebotenen Ausstattung erh\u00e4ltlich, so wie sie bereits montiert und versandfertig sind. Du kannst aber einen passenden Gep\u00e4cktr\u00e4ger in einer separaten Bestellung erg\u00e4nzen.<\/item><item index=\"2\" title=\"Wohin bringe ich mein E-Bike zur Inspektion und Reparatur?\">Jeder Fahrradladen sowie unsere Servicepartner und Showrooms k\u00f6nnen Inspektionen oder Wartungen vornehmen. Die meisten Komponenten am E-Bike sind auf dem Markt erh\u00e4ltlich und k\u00f6nnen in jedem Fahrradladen ersetzt werden. Kontaktiere bitte Ampler Bikes, wenn Probleme mit den Bremsen, dem Motor, den Sensoren oder dem Akku auftreten. In diesem Fall kannst du dein E-Bike einschicken und im jeweiligen Showroom kostenlos (innerhalb der Garantiefrist) reparieren lassen.<\/item><item index=\"3\" title=\"Wie ist die Qualit\u00e4t der \u00fcberholten E-Bikes?\">Alle E-Bikes wurden von unseren Technikern gepr\u00fcft und getestet und befinden sich im perfekten Zustand, um direkt gefahren zu werden. Wir k\u00f6nnen leider keine Fotos von allen E-Bikes anbieten, versichern dir aber, dass die M\u00e4ngel minimal sind und dass du das E-Bike innerhalb von 14 Tagen zur\u00fcckgeben kannst.&lt;br>&lt;br>&#187;Neue&#187; E-Bikes sind, wie der Name schon sagt, brandneue E-Bikes ohne jegliche Nutzungsspuren.&lt;br>&lt;br>Die &#171;\u00fcberholten&#187; E-Bikes sind Outlet-Angebote mit minimalen optischen M\u00e4ngeln. Sie haben unsere strenge Qualit\u00e4tskontrolle nicht bestanden und werden daher zu einem reduzierten Preis angeboten. Sie befinden sich jedoch in einem technisch perfekten Zustand.&lt;br>&lt;br>Alle &#171;\u00fcberholten&#187; E-Bikes haben eine Gesamtlaufleistung von h\u00f6chstens 350 km. Sie sind E-Bikes mit minimalen optischen M\u00e4ngeln, befinden sich aber sonst in einem technisch perfektem Zustand.<\/item><item index=\"4\" title=\"Wie ist die Qualit\u00e4t der Pre-loved E-Bikes?\">Pre-loved Bikes sind zur\u00fcckgegebene oder benutzte Fahrr\u00e4der, die bereits \u00fcber 350 Kilometer gefahren wurden. Von ihren Abenteuern auf der Stra\u00dfe erz\u00e4hlen wom\u00f6glich kleine, sichtbare Gebrauchsspuren. Alle Fahrr\u00e4der wurden von unseren eigenen Mechanikern gr\u00fcndlich kontrolliert und \u00fcberholt. Pre-loved bedeutet, dass die Fahrr\u00e4der bereits ein paar Abenteuer hinter sich haben und daher m\u00f6glicherweise sichtbare Gebrauchsspuren tragen.\u00a0&lt;br>F\u00fcr weitere Informationen zu einem bestimmten Fahrrad, melde dich gerne bei &lt;a href=&#187;mailto:preloved@amplerbikes.com&#187;>preloved@amplerbikes.com&lt;\/a><\/item><item index=\"5\" title=\"Gilt f\u00fcr Outlet E-Bikes dieselbe Garantie und R\u00fcckgaberichtlinie?\">Du hast die \u00fcbliche R\u00fcckgaberecht von 14 Tagen nach Lieferung deines Ampler E-Bikes. Es gelten die gleichen Garantiebedingungen mit einer Ausnahme: Bitte beachte, dass die erw\u00e4hnten optischen M\u00e4ngel in der Garantiefrist nicht als Herstellungsfehler geltend gemacht werden k\u00f6nnen.<\/item><\/items><\/faq>\n","protected":false},"excerpt":{"rendered":"","protected":false},"author":1,"featured_media":81717,"parent":0,"menu_order":0,"comment_status":"closed","ping_status":"closed","template":"","meta":{"footnotes":""},"_links":{"self":[{"href":"https:\/\/wp.ampler.bike\/de-CH\/wp-json\/wp\/v2\/pages\/82226"}],"collection":[{"href":"https:\/\/wp.ampler.bike\/de-CH\/wp-json\/wp\/v2\/pages"}],"about":[{"href":"https:\/\/wp.ampler.bike\/de-CH\/wp-json\/wp\/v2\/types\/page"}],"author":[{"embeddable":true,"href":"https:\/\/wp.ampler.bike\/de-CH\/wp-json\/wp\/v2\/users\/1"}],"replies":[{"embeddable":true,"href":"https:\/\/wp.ampler.bike\/de-CH\/wp-json\/wp\/v2\/comments?post=82226"}],"version-history":[{"count":26,"href":"https:\/\/wp.ampler.bike\/de-CH\/wp-json\/wp\/v2\/pages\/82226\/revisions"}],"predecessor-version":[{"id":134832,"href":"https:\/\/wp.ampler.bike\/de-CH\/wp-json\/wp\/v2\/pages\/82226\/revisions\/134832"}],"wp:featuredmedia":[{"embeddable":true,"href":"https:\/\/wp.ampler.bike\/de-CH\/wp-json\/wp\/v2\/media\/81717"}],"wp:attachment":[{"href":"https:\/\/wp.ampler.bike\/de-CH\/wp-json\/wp\/v2\/media?parent=82226"}],"curies":[{"name":"wp","href":"https:\/\/api.w.org\/{rel}","templated":true}]}}