{"id":54928,"date":"2022-03-02T16:49:07","date_gmt":"2022-03-02T16:49:07","guid":{"rendered":"https:\/\/wp-dev.ampler.bike\/e-bikes\/"},"modified":"2026-01-05T12:29:01","modified_gmt":"2026-01-05T10:29:01","slug":"e-bikes","status":"publish","type":"page","link":"https:\/\/wp.ampler.bike\/de-CH\/e-bikes\/","title":{"rendered":"E-bikes (original)"},"content":{"rendered":"\n<hero-text-only title=\"<strong&gt;Lerne die Ampler <\/strong&gt;\" subtitle=\"E-Bike-Reihe kennen\" button-text=\"Alle Modelle vergleichen\" button-url=\"#comparison-table\" class=\"wp-block-ampler-hero-text-only\">Mach deinen Arbeitsweg zum sch\u00f6nsten Teil deines Tages.<\/hero-text-only>\n\n\n\n<div style=\"height:100px\" aria-hidden=\"true\" class=\"wp-block-spacer\"><\/div>\n\n\n\n<image-three class=\"wp-block-ampler-image-three\"><items><item index=\"0\" src=\"https:\/\/assets.ampler.bike\/a\/20250401135757\/image-2.jpg\"><\/item><item index=\"1\" src=\"https:\/\/assets.ampler.bike\/a\/20250401135847\/image-4.jpg\"><\/item><item index=\"2\" src=\"https:\/\/assets.ampler.bike\/a\/20250401135910\/Rectangle-38864-1-scaled.jpg\"><\/item><\/items><\/image-three>\n\n\n\n<div style=\"height:50px\" aria-hidden=\"true\" class=\"wp-block-spacer\"><\/div>\n\n\n\n<nova-testimonials type=\"press\" class=\"wp-block-ampler-nova-testimonials\"><items><item index=\"0\" icon=\"https:\/\/assets.ampler.bike\/a\/20250330225226\/image-10.png\" link=\"https:\/\/www.theguardian.com\/lifeandstyle\/2018\/nov\/04\/ampler-stellar-ebike-review-a-universe-away-from-clumsy-frames-lightweight\" content=\"<q&gt;Elegant, chic and urbane...<\/q&gt;\"><\/item><item index=\"1\" icon=\"https:\/\/assets.ampler.bike\/a\/20250330225250\/image-12.png\" link=\"https:\/\/www.forbes.com\/sites\/davidphelan\/2025\/02\/20\/ebikes-arent-cheating-how-the-ampler-stout-could-transform-a-tough-commute\/\" content=\"Ampler is a versatile, go-anywhere choice...\"><\/item><item index=\"2\" icon=\"https:\/\/assets.ampler.bike\/a\/20250331010049\/image-10-1.png\" link=\"https:\/\/electrek.co\/2024\/03\/18\/ampler-launches-sleek-new-lightweight-on-and-off-road-commuter-electric-bikes\/\" content=\"Producing some of the lightest e-bikes in the industry...\"><\/item><\/items><\/nova-testimonials>\n\n\n\n<div style=\"height:150px\" aria-hidden=\"true\" class=\"wp-block-spacer\"><\/div>\n\n\n\n<highlight-title title=\"Comfort\" subtitle=\"Line\" tagline=\"Neu\" lead=\"F\u00fcr entspannte Alltagsfahrten und Wochenendausfl\u00fcge \u2013 jetzt mit USB-C-Ladung.\" button-text=\"Alle Modelle vergleichen\" button-url=\"#comparison-table\" class=\"wp-block-ampler-nova-highlight-title\"><\/highlight-title>\n\n\n\n<model-preview image=\"https:\/\/assets.ampler.bike\/a\/20250407193402\/novas-min-scaled.jpg\" alt=\"\" class=\"wp-block-ampler-model-preview\"><items><item index=\"0\" class=\"bike-item\" model=\"nova\" button-text=\"Nova entdecken\" button-link=\"\/[locale]\/e-bikes\/nova\"><perk text=\"USB-C\"><\/perk><perk text=\"9-Gang\"><\/perk><perk text=\"diamantrahmen\"><\/perk><perk text=\"tiefeinstieg\"><\/perk><\/item><item index=\"1\" class=\"bike-item\" model=\"novapro\" button-text=\"Nova Pro entdecken\" button-link=\"\/[locale]\/e-bikes\/nova-pro\"><perk text=\"USB-C\"><\/perk><perk text=\"10-Gang\"><\/perk><perk text=\"belt\"><\/perk><perk text=\"diamantrahmen\"><\/perk><perk text=\"tiefeinstieg\"><\/perk><\/item><\/items><\/model-preview>\n\n\n\n<div style=\"height:100px\" aria-hidden=\"true\" class=\"wp-block-spacer\"><\/div>\n\n\n\n<div style=\"height:100px\" aria-hidden=\"true\" class=\"wp-block-spacer\"><\/div>\n\n\n\n<feature-content-cards subtitle=\"<strong&gt;Was ist neu bei Nova?<\/strong&gt;\" title=\"\" background-color=\"\" text-color=\"\" class=\"wp-block-ampler-feature-content-cards\"><items><item index=\"0\" src=\"https:\/\/assets.ampler.bike\/a\/20250401085332\/usb-c-min.jpg\" title=\"Universelles USB-C-Laden\" tag-line-text=\"USB-C- Ladefunktion\">Vergiss sperrige E-Bike-Ladeger\u00e4te \u2013 lade dein Bike einfach mit einem normalen Laptop-Ladeger\u00e4t oder unterwegs mit einer Powerbank auf. Bleib mobil und bring dein E-Bike in nur 3 Stunden auf volle Ladung.<\/item><item index=\"1\" src=\"https:\/\/assets.ampler.bike\/a\/20250401085336\/custom-min.jpg\" title=\"Individuell &amp; vielseitig\" tag-line-text=\"Erweiterungsf\u00e4hig\">Montiere ganz einfach Anh\u00e4nger, K\u00f6rbe, Kindersitze oder Packtaschen. Das neue Design erleichtert Reparaturen und bietet unbegrenzte M\u00f6glichkeiten zur Anpassung \u2013 von S\u00e4tteln und Lenkern bis hin zu B\u00fcgelschl\u00f6ssern und Zubeh\u00f6r f\u00fchrender Marken.<\/item><item index=\"2\" src=\"https:\/\/assets.ampler.bike\/a\/20250401085338\/display-min.jpg\" title=\"Hochwertiger Aufbau, langlebiges Fahrgef\u00fchl\" tag-line-text=\"Reengineered\">Fahre mit vollem Vertrauen \u2013 dank \u00fcberarbeitetem Rahmen, verbessertem Display, robusterem Akku und Premium-Komponenten. Gebaut f\u00fcr jedes Wetter und daf\u00fcr gemacht, dich \u00fcber viele Jahre hinweg zu begleiten.<\/item><\/items><\/feature-content-cards>\n\n\n\n<div style=\"height:150px\" aria-hidden=\"true\" class=\"wp-block-spacer\"><\/div>\n\n\n\n<highlight-title title=\"Performance\" subtitle=\"Line\" lead=\"Elegante, leichte E-Bikes f\u00fcr agile Fahrten \u2013 auf der Stra\u00dfe und abseits davon.\" button-text=\"Alle Modelle vergleichen\" button-url=\"#comparison-table\" class=\"wp-block-ampler-nova-highlight-title\"><\/highlight-title>\n\n\n\n<model-preview image=\"https:\/\/assets.ampler.bike\/a\/20250331163751\/performance-line-min-scaled.jpg\" alt=\"\" class=\"wp-block-ampler-model-preview\"><items><item index=\"0\" class=\"bike-item\" model=\"curt2026\" button-text=\"Curt entdecken\" button-link=\"\/[locale]\/e-bikes\/curt\"><perk text=\"leichtestes\"><\/perk><perk text=\"belt\"><\/perk><perk text=\"diamantrahmen\"><\/perk><perk text=\"tiefeinstieg\"><\/perk><\/item><\/items><\/model-preview>\n\n\n\n<div style=\"height:100px\" aria-hidden=\"true\" class=\"wp-block-spacer\"><\/div>\n\n\n\n<table anchor=\"comparison\" title=\"Vergleiche unsere\" subtitle=\"<em&gt;Modelle<\/em&gt;\" class=\"wp-block-ampler-table\"><props><prop text=\"Riding Position\"><\/prop><prop text=\"F\u00fcr Fahrer geeignet\"><\/prop><prop text=\"Gewicht\"><\/prop><prop text=\"Gabel\"><\/prop><prop text=\"Getriebe und Antriebsstrang\"><\/prop><prop text=\"Range\"><\/prop><prop text=\"Kickstand\"><\/prop><prop text=\"Gepr\u00e4cktr\u00e4ger hinten\"><\/prop><prop text=\"Schutzbleche\"><\/prop><\/props><items><item index=\"0\" src=\"https:\/\/assets.ampler.bike\/a\/20250331225612\/nova-couple.png\" bikeid=\"nova\" title=\"Der ideale Einstieg in urbane E-Bikes mit Komfort.\" tagline=\"\" link=\"\/nova\" linktext=\"Erkunden Nova\"><content index=\"0\" value=\"Aufrecht\"><\/content><content index=\"1\" value=\"S: 160-172 cm<br&gt;M: 170-185 cm<br&gt;L: 186-200 cm\"><\/content><content index=\"2\" value=\"17.4 kg\"><\/content><content index=\"3\" value=\"Aluminum\"><\/content><content index=\"4\" value=\"9-gang MicroSHIFT\"><\/content><content index=\"5\" value=\"50-100 km\"><\/content><content index=\"6\" value=\"Inklusive\"><\/content><content index=\"7\" value=\"Optional\"><\/content><content index=\"8\" value=\"Inklusive\"><\/content><\/item><item index=\"1\" src=\"https:\/\/assets.ampler.bike\/a\/20250331225629\/nova-pro-couple.png\" bikeid=\"novapro\" title=\"Ein hochwertiger Allrounder f\u00fcr l\u00e4ngere, sanftere Fahrten.\" tagline=\"\" link=\"\/nova-pro\" linktext=\"Erkunden Nova Pro\"><content index=\"0\" value=\"Aktiv &amp; Komfort version\"><\/content><content index=\"1\" value=\"S: 160-172 cm<br&gt;M: 170-185 cm<br&gt;L: 186-200 cm\"><\/content><content index=\"2\" value=\"16.6-17.7kg\"><\/content><content index=\"3\" value=\"Aluminum\"><\/content><content index=\"4\" value=\"10-gang Shimano Deore<br&gt;Single-speed Gates CDX\"><\/content><content index=\"5\" value=\"50-100 km\"><\/content><content index=\"6\" value=\"Inklusive\"><\/content><content index=\"7\" value=\"Inklusive\"><\/content><content index=\"8\" value=\"Inklusive\"><\/content><\/item><item index=\"2\" src=\"https:\/\/assets.ampler.bike\/a\/20250331225649\/curt-couple.png\" bikeid=\"curt2026\" title=\"Das leichteste, sportlichste Bike f\u00fcr agile Stadt-Leistung\" tagline=\"New!\" link=\"\/curt\" linktext=\"Erkunden Curt\"><content index=\"0\" value=\"Sportlich\"><\/content><content index=\"1\" value=\"S: 160-172 cm<br&gt;M: 173-185 cm<br&gt;L: 186-198 cm\"><\/content><content index=\"2\" value=\"14.1 kg-16.3 kg\"><\/content><content index=\"3\" value=\"Carbon\"><\/content><content index=\"4\" value=\"11-speed Shimano Deore<br&gt;Single-speed Gates CDX\"><\/content><content index=\"5\" value=\"50-100 km\"><\/content><content index=\"6\" value=\"Optional\"><\/content><content index=\"7\" value=\"Optional\"><\/content><content index=\"8\" value=\"Optional\"><\/content><\/item><\/items><\/table>\n\n\n\n<div style=\"height:100px\" aria-hidden=\"true\" class=\"wp-block-spacer\"><\/div>\n\n\n\n<image-block-category tagline=\"Was ist neu?\" title=\"Ampler gewinnt Eurobike Gold\" image=\"https:\/\/assets.ampler.bike\/a\/20250626123355\/eurobike-gold-ampler-min-scaled.jpg\" mobile-tablet-image=\"https:\/\/assets.ampler.bike\/a\/20250626124232\/eurobike-gold-ampler-2-min.jpg\" button-text=\"Mehr erfahren\" button-link=\"https:\/\/amplerbikes.com\/de-DE\/blog\/gold-fuer-nova-ampler-gewinnt-den-eurobike-award-2025\" class=\"wp-block-ampler-image-block-category\">Ausgezeichnet in der Kategorie E-Bike f\u00fcr unsere mutige R\u00fcckkehr mit der Nova-Generation und der ersten im Rahmen integrierten USB-C-Ladefunktion.<\/image-block-category>\n\n\n\n<div style=\"height:73px\" aria-hidden=\"true\" class=\"wp-block-spacer\"><\/div>\n\n\n\n<imageBlock button-text=\"Melde dich bei uns!\" content=\"Dein Ampler zu finden, soll einfach und spannend sein. Wenn du dir nicht sicher bist, welches Modell das richtige f\u00fcr dich ist, steht dir unser Team gerne zur Seite. Erz\u00e4hl uns, was du suchst \u2013 und gemeinsam finden wir das Ampler Bike, das sich genau richtig anf\u00fchlt.\" image-alt=\"\" image-first=\"true\" image-src=\"https:\/\/assets.ampler.bike\/a\/20250428101151\/DSC06107-min-scaled.jpg\" link=\"https:\/\/amplerbikes.com\/de-DE\/kontakt#:~:text=Deutsch%20und%20Estnisch.-,Schreib%20uns,-Bleib%20in%20Kontakt\" subtitle=\"bei der Entscheidung?\" title=\"Brauchst du Hilfe\" background-color=\"\" text-color=\"\" class=\"wp-block-ampler-image-block\"><details><\/details><texts><\/texts><\/imageBlock>\n\n\n\n<div style=\"height:100px\" aria-hidden=\"true\" class=\"wp-block-spacer\"><\/div>\n\n\n\n<faq title=\"H\u00e4ufig gestellte Fragen\" class=\"wp-block-ampler-faq\"><items><item index=\"0\" title=\"Warum ein E-Bike von Ampler w\u00e4hlen?\">Ampler E-Bikes sind f\u00fcr Menschen gemacht, die Qualit\u00e4t und Schlichtheit sch\u00e4tzen. Sie verbinden elegantes, leichtes Design mit smarter Technik und zeitloser \u00c4sthetik. Gefertigt in Estland mit viel Liebe zum Detail, bieten sie ein sanftes, m\u00fcheloses Fahrerlebnis, selbst ohne Motorunterst\u00fctzung. Ideal f\u00fcr den Alltag auf zwei R\u00e4dern.<\/item><item index=\"1\" title=\"Was sind die Vorteile eines E-Bikes?\">E-Bikes erleichtern den Alltag, besonders im Stadtverkehr. Mit elektrischer Unterst\u00fctzung und leichtem Design von Ampler f\u00e4hrst du wendig, komfortabel und effizient, ganz ohne Stress. F\u00fcr viele ist es eine echte Alternative zum Auto.<\/item><item index=\"2\" title=\"Wie lange h\u00e4lt ein E-Bike?\">Bei guter Pflege h\u00e4lt ein hochwertiges E-Bike viele Jahre. Regelm\u00e4\u00dfige Wartung verl\u00e4ngert die Lebensdauer deutlich und sorgt f\u00fcr dauerhaft guten Fahrkomfort.<\/item><item index=\"3\" title=\"Wie pflege ich mein E-Bike am besten?\">Halte dein E-Bike sauber, lagere es bei moderaten Temperaturen und lade den Akku richtig. Detaillierte Pflegetipps findest du in unserem Support-Artikel: &lt;a href=&#187;https:\/\/support.amplerbikes.com\/de\/support\/solutions\/articles\/43000546137-dein-e-bike-gut-in-schuss-halten&#187;>https:\/\/support.amplerbikes.com\/de\/support\/solutions\/articles\/43000546137-dein-e-bike-gut-in-schuss-halten&lt;\/a><\/item><item index=\"4\" title=\"Worauf sollte ich beim Kauf eines E-Bikes achten?\">Achte auf Rahmendesign, Gewicht und Reichweite, passend zu deinem Fahrstil und Alltag. Pr\u00fcfe, ob Zubeh\u00f6r wie Schl\u00f6sser, K\u00f6rbe oder Kindersitze kompatibel ist. W\u00e4hle ein E-Bike, das zu dir und deinem Leben passt.<\/item><item index=\"5\" title=\"Kann ich mein Nova E-Bike mit jedem USB-C-Ladeger\u00e4t aufladen?\">Du kannst dein Bike mit den meisten Laptop- oder Mehrger\u00e4te-Ladeger\u00e4ten laden, manche Schnellladeger\u00e4te f\u00fcr Handys funktionieren ebenfalls. Es wird eine Leistung von mindestens 30\u202fW (20\u202fV, 1,5\u202fA) ben\u00f6tigt.<\/item><item index=\"6\" title=\"Kann ich mein Handy mit dem Nova E-Bike aufladen?\">Ja, du kannst dein Handy direkt \u00fcber das Nova E-Bike aufladen.<\/item><item index=\"7\" title=\"Was sind die Hauptunterschiede zwischen Nova und Nova Pro?\">Nova ist gemacht f\u00fcr entspannte Fahrten durch die Stadt mit einem Mix aus Einfachheit, Komfort und Stil f\u00fcr den t\u00e4glichen Weg zur Arbeit. Dank 9-Gang-Schaltung, kleineren Laufr\u00e4dern und breiteren Reifen l\u00e4sst sich Nova leicht man\u00f6vrieren und gleicht Unebenheiten m\u00fchelos aus, ideal f\u00fcr urbane Stra\u00dfen.&lt;br>&lt;br>Nova Pro bietet im Vergleich hochwertigere Komponenten, sto\u00dfd\u00e4mpfende Lenker und die Wahl zwischen einem wartungsarmen Singlespeed-Riemenantrieb oder einer 10-Gang-Schaltung. Gr\u00f6\u00dfere Laufr\u00e4der in Kombination mit schmaleren Reifen machen ihn perfekt f\u00fcr l\u00e4ngere Strecken. Nova Pro steht f\u00fcr ein noch effizienteres und komfortableres Fahrerlebnis, ganz ohne Kompromisse.<\/item><item index=\"8\" title=\"Kann ich Teile wie Sattel oder Lenker bei den Nova E-Bikes austauschen?\">Ja, Nova verwendet viele hochwertige Standardkomponenten. Du kannst also problemlos Teile wie Sattel, Lenker, Vorbau, Griffe oder Pedale austauschen. Wenn du z.\u202fB. einen Lieblingssattel hast, kannst du ihn in der Regel weiterhin nutzen. Nova ist zudem vollst\u00e4ndig kompatibel mit Zubeh\u00f6r wie B\u00fcgelschl\u00f6ssern, K\u00f6rben, Kindersitzen oder Gep\u00e4cktaschen, ideal f\u00fcr den Alltag.<\/item><\/items><\/faq>\n\n\n\n<div style=\"height:100px\" aria-hidden=\"true\" class=\"wp-block-spacer\"><\/div>\n\n\n\n<trustpilot-widget title=\"Kundenbewertungen zu unseren Fahrr\u00e4dern\" content=\"<div class=&quot;trustpilot-widget&quot;\n               data-locale=&quot;de-DE&quot;\n               data-template-id=&quot;60f537b5b0f1639de1fe048c&quot;\n               data-businessunit-id=&quot;5a327060b894c909d0778789&quot;\n               data-style-height=&quot;140px&quot;\n               data-style-width=&quot;100%&quot;\n               data-theme=&quot;light&quot;\n               data-schema-type=&quot;Product&quot;\n               data-sku=&quot;StoutGen1,StoutGen2,StellarGen2,StellarGen1,CurtGen2,CurtGen1,CurtAnyroadGen2,JunaGen2,AxelGen2,NovaGen2,NovaProGen2&quot;\n               data-review-languages=&quot;de&quot;\n               data-star-color=&quot;#00825b&quot;\n               data-text-color=&quot;#212121&quot;\n               data-no-reviews=&quot;hide&quot;\n               data-third-party-reviews=&quot;true&quot;&gt;\n    <a href=\" class=\"wp-block-ampler-trustpilot-widget\"><\/trustpilot-widget>\n\n\n\n<image-block-cta subtitle=\"w\u00e4hlen ein Ampler\" title=\"80% der Probefahrer\" image=\"https:\/\/assets.ampler.bike\/a\/20250331235243\/nova-cta-min.png\" class=\"wp-block-ampler-image-block-cta\"><buttons><button index=\"0\" text=\"Probefahrt buchen\" link=\"\/test-ride\" color=\"white\"><\/button><button index=\"1\" text=\"Jetzt bestellen\" link=\"\/e-bikes\/\" color=\"ghost-light\"><\/button><\/buttons><\/image-block-cta>\n","protected":false},"excerpt":{"rendered":"","protected":false},"author":1,"featured_media":148122,"parent":0,"menu_order":0,"comment_status":"closed","ping_status":"closed","template":"","meta":{"footnotes":""},"_links":{"self":[{"href":"https:\/\/wp.ampler.bike\/de-CH\/wp-json\/wp\/v2\/pages\/54928"}],"collection":[{"href":"https:\/\/wp.ampler.bike\/de-CH\/wp-json\/wp\/v2\/pages"}],"about":[{"href":"https:\/\/wp.ampler.bike\/de-CH\/wp-json\/wp\/v2\/types\/page"}],"author":[{"embeddable":true,"href":"https:\/\/wp.ampler.bike\/de-CH\/wp-json\/wp\/v2\/users\/1"}],"replies":[{"embeddable":true,"href":"https:\/\/wp.ampler.bike\/de-CH\/wp-json\/wp\/v2\/comments?post=54928"}],"version-history":[{"count":69,"href":"https:\/\/wp.ampler.bike\/de-CH\/wp-json\/wp\/v2\/pages\/54928\/revisions"}],"predecessor-version":[{"id":180340,"href":"https:\/\/wp.ampler.bike\/de-CH\/wp-json\/wp\/v2\/pages\/54928\/revisions\/180340"}],"wp:featuredmedia":[{"embeddable":true,"href":"https:\/\/wp.ampler.bike\/de-CH\/wp-json\/wp\/v2\/media\/148122"}],"wp:attachment":[{"href":"https:\/\/wp.ampler.bike\/de-CH\/wp-json\/wp\/v2\/media?parent=54928"}],"curies":[{"name":"wp","href":"https:\/\/api.w.org\/{rel}","templated":true}]}}