{"id":178320,"date":"2025-11-13T10:50:42","date_gmt":"2025-11-13T08:50:42","guid":{"rendered":"https:\/\/wp.ampler.bike\/smart-app\/"},"modified":"2025-11-19T10:34:15","modified_gmt":"2025-11-19T08:34:15","slug":"smart-app","status":"publish","type":"page","link":"https:\/\/wp.ampler.bike\/de-CH\/smart-app\/","title":{"rendered":"Smart app"},"content":{"rendered":"\n<hero subtitle=\"f\u00fcr deine Fahrt\" title=\"Der smarte Begleiter\" lead=\"Die Ampler App verbindet sich nahtlos mit deinem Bike und gibt dir mehr Kontrolle, klare Einblicke und ein beruhigendes Gef\u00fchl, wo auch immer du unterwegs bist.   \" button-text=\"\" button-url=\"\" src=\"https:\/\/assets.ampler.bike\/a\/20251113153836\/hero-app-banner-min-scaled.jpg\" mobile-src=\"https:\/\/assets.ampler.bike\/a\/20251113155608\/Frame-669-min.jpg\" class=\"wp-block-ampler-hero\"><perks><perk index=\"0\" title=\"Diebstahlschutz\" icon=\"\" number=\"\"><\/perk><perk index=\"1\" title=\"Remote-Verriegelung\" icon=\"\" number=\"\"><\/perk><perk index=\"2\" title=\"Fahrunterst\u00fctzung\" icon=\"\" number=\"\"><\/perk><perk index=\"3\" title=\"Statistiken\" icon=\"\" number=\"\"><\/perk><perk index=\"4\" title=\"Firmware-Updates\" icon=\"\" number=\"\"><\/perk><\/perks><\/hero>\n\n\n\n<div style=\"height:200px\" aria-hidden=\"true\" class=\"wp-block-spacer\"><\/div>\n\n\n\n<image-block-category tagline=\"\" title=\"So arbeitet die App\" image=\"https:\/\/assets.ampler.bike\/a\/20251113153730\/Frame-662-min-scaled.jpg\" mobile-tablet-image=\"https:\/\/assets.ampler.bike\/a\/20251113155803\/Frame-670-min.jpg\" class=\"wp-block-ampler-image-block-category\">Jedes Ampler E-Bike ist mit einem verschl\u00fcsselten IoT-Modul ausgestattet, das dir GPS-Tracking und smarte Steuerung \u00fcber dein Smartphone erm\u00f6glicht, ganz ohne unn\u00f6tige Komplexit\u00e4t.&lt;br>&lt;br>Dank Bluetooth und LTE-M bleibt das Modul unabh\u00e4ngig aktiv. So bleibt dein Bike verbunden und gesch\u00fctzt, selbst wenn es ausgeschaltet ist oder ausser Reichweite steht.<\/image-block-category>\n\n\n\n<div style=\"height:200px\" aria-hidden=\"true\" class=\"wp-block-spacer\"><\/div>\n\n\n\n<cta title=\"Ein smartes E-Bike\" subtitle=\"<em&gt;f\u00fcr ein sicheres Gef\u00fchl<\/em&gt;\" class=\"wp-block-ampler-cta\"><buttons><\/buttons><\/cta>\n\n\n\n<figure class=\"wp-block-table\"><table><tbody><tr><td>&lt;a href=&#187;https:\/\/apps.apple.com\/de\/app\/ampler-bikes-2-0\/id1494465020&#8243;>&lt;img src=&#187;https:\/\/assets.ampler.bike\/a\/20251113113803\/Component-2.png&#187; style=&#187;width:216px;&#187;\/>&lt;\/a><\/td><td>&lt;a href=&#187;https:\/\/play.google.com\/store\/apps\/details?id=com.amplerbikes.mobile&amp;hl=de&#187;>&lt;img src=&#187;https:\/\/assets.ampler.bike\/a\/20251113113834\/Component-3.png&#187; style=&#187;width:216px;&#187;\/>&lt;\/a><\/td><\/tr><\/tbody><\/table><\/figure>\n\n\n\n<div style=\"height:100px\" aria-hidden=\"true\" class=\"wp-block-spacer\"><\/div>\n\n\n\n<imageBlock content=\"Eine der einfachsten M\u00f6glichkeiten, dein Ampler vor unbefugter Nutzung zu sch\u00fctzen, ist die Verriegelung per App. Sobald das Bike gesperrt ist, wird der Power-Button am Rahmen deaktiviert und es kann nur \u00fcber die App wieder entsperrt und gefahren werden. Die Kontrolle bleibt klar bei dir.\" image-alt=\"\" image-src=\"https:\/\/assets.ampler.bike\/a\/20251113162524\/Frame-672-min-scaled.jpg\" subtitle=\"Fernverriegelung\" title=\"Intelligente\" background-color=\"\" text-color=\"\" class=\"wp-block-ampler-image-block\"><details><\/details><texts><\/texts><\/imageBlock>\n\n\n\n<imageBlock content=\"Dank des integrierten GPS-Moduls wei\u00dft du immer, wo sich dein Ampler befindet. Die App zeigt den genauen Standort auf einer Live-Karte an und sendet dir sofort eine Benachrichtigung, wenn dein Bike im gesperrten Zustand bewegt wird, so kannst du schnell reagieren und bist m\u00f6glichen \u00dcberraschungen immer einen Schritt voraus.\" image-alt=\"\" image-first=\"true\" image-src=\"https:\/\/assets.ampler.bike\/a\/20251113153525\/Frame-657-min-scaled.jpg\" subtitle=\"Bike mit GPS\" title=\"Sichere dein\" background-color=\"\" text-color=\"\" class=\"wp-block-ampler-image-block\"><details><\/details><texts><\/texts><\/imageBlock>\n\n\n\n<div style=\"height:200px\" aria-hidden=\"true\" class=\"wp-block-spacer\"><\/div>\n\n\n\n<image-content subtitle=\"wird st\u00e4ndig besser\" title=\"Dein Ampler E-Bike\" image=\"https:\/\/assets.ampler.bike\/a\/20251113153434\/Rectangle-38895-min-scaled.jpg\" mobile-tablet-image=\"https:\/\/assets.ampler.bike\/a\/20251113155910\/Frame-671-min.jpg\" button-text=\"\" class=\"wp-block-ampler-image-content\">Dein Ampler entwickelt sich mit dir weiter. Over-the-Air-Updates halten App und Firmware aktuell und machen das System stetig smarter und verl\u00e4sslicher.&lt;br>&lt;br>Wartungserinnerungen zeigen dir, wenn etwas Aufmerksamkeit braucht und falls ein Problem auftaucht, k\u00f6nnen unsere Techniker es aus der Ferne beheben, damit du schnell wieder unterwegs bist.<\/image-content>\n\n\n\n<div style=\"height:200px\" aria-hidden=\"true\" class=\"wp-block-spacer\"><\/div>\n\n\n\n<cta title=\"Alles, was du brauchst\" subtitle=\"<em&gt;f\u00fcr deinen Weg<\/em&gt;\" class=\"wp-block-ampler-cta\"><buttons><\/buttons><\/cta>\n\n\n\n<imageBlock content=\"Stell die Unterst\u00fctzungsstufe in der App so ein, wie du fahren m\u00f6chtest. Mehr Power an entspannten Tagen oder weniger, wenn du aktiv bleiben willst.<br&gt;<br&gt;Deine Einstellungen synchronisieren sich sofort mit dem Bike, f\u00fcr ein nat\u00fcrliches, ausgewogenes Fahrgef\u00fchl, das zu dir passt.\" image-alt=\"\" image-src=\"https:\/\/assets.ampler.bike\/a\/20251113153333\/Frame-665-min-scaled.jpg\" subtitle=\"der zu dir passt\" title=\"Unterst\u00fctzung\" background-color=\"\" text-color=\"\" class=\"wp-block-ampler-image-block\"><details><\/details><texts><\/texts><\/imageBlock>\n\n\n\n<imageBlock content=\"Dein Ampler erfasst jede Fahrt automatisch und gibt dir einen klaren \u00dcberblick dar\u00fcber, wie du dich bewegst. Sieh Distanz, Geschwindigkeit, Reichweite und deine Historie auf einen Blick und erkenne Muster \u00fcber die Zeit.\" image-alt=\"\" image-first=\"true\" image-src=\"https:\/\/assets.ampler.bike\/a\/20251113153253\/Frame-664-min-scaled.jpg\" subtitle=\"auf einen Blick\" title=\"Deine Daten\" background-color=\"\" text-color=\"\" class=\"wp-block-ampler-image-block\"><details><\/details><texts><\/texts><\/imageBlock>\n\n\n\n<imageBlock content=\"Sieh Geschwindigkeit, Akku, Reichweite und Leistung in Echtzeit. Das Dashboard zeigt dir genau, wie dein Ampler auf deinen Tritt reagiert, damit du bewusst f\u00e4hrst und das Beste aus jedem Kilometer herausholst.\" image-alt=\"\" image-src=\"https:\/\/assets.ampler.bike\/a\/20251113151156\/last-vic-test-min-scaled.jpg\" subtitle=\"in Echtzeit\" title=\"Leistung\" background-color=\"\" text-color=\"\" class=\"wp-block-ampler-image-block\"><details><\/details><texts><\/texts><\/imageBlock>\n\n\n\n<div style=\"height:200px\" aria-hidden=\"true\" class=\"wp-block-spacer\"><\/div>\n\n\n\n<faq title=\"Fragen? Wir haben die Antworten.\" class=\"wp-block-ampler-faq\"><items><item index=\"0\" title=\"<strong&gt;Brauche ich die App, um mein Ampler zu nutzen?<\/strong&gt;\">Nein. Du kannst dein Ampler auch ohne App fahren, indem du den Power-Button nutzt, um das Bike und die Lichter ein- oder auszuschalten und die Unterst\u00fctzungsstufen zu wechseln. Funktionen wie GPS-Tracking, Remote-Locking, Internetdienste und die Button-Sperre sind jedoch nur \u00fcber die App m\u00f6glich.<\/item><item index=\"1\" title=\"<strong&gt;Wie funktioniert das GPS-Tracking?<\/strong&gt;\">Dein Bike sendet seinen Standort an unsere Server, sobald eine GSM-Verbindung besteht. In der App siehst du diese Position auf einer Live-Karte.&lt;br>Wenn kein GPS verf\u00fcgbar ist, zum Beispiel im Untergrund oder im Keller, zeigt die App die zuletzt best\u00e4tigte Position an, bis das Bike wieder ein Signal findet.<\/item><item index=\"2\" title=\"<strong&gt;Wie oft aktualisiert mein Bike seinen Status?<\/strong&gt;\">Wenn das Bike eingeschaltet ist, erfolgt ein Update alle 30\u201360 Sekunden. Im ausgeschalteten Zustand sendet es ein Update, sobald etwas passiert (Bewegung, Laden, Sperren\/Entsperren) oder einmal t\u00e4glich \u00fcber das sogenannte \u201eHeartbeat\u201d-Signal. Alle Updates werden automatisch gesendet, sobald eine GSM-Verbindung besteht.<\/item><item index=\"3\" title=\"<strong&gt;\u00a0Entleert die Ortungsfunktion den Akku des Bikes?<\/strong&gt;\">Nein. Das GPS-Modul ben\u00f6tigt sehr wenig Energie und arbeitet unabh\u00e4ngig. Durchgehendes Live-Tracking w\u00e4hrend der Fahrt wird nicht unterst\u00fctzt, da es den Akku zu schnell entleeren und stark von der Qualit\u00e4t des GPS\/GSM-Signals abh\u00e4ngen w\u00fcrde.<\/item><item index=\"4\" title=\"<strong&gt;Was macht das Remote-Locking?<\/strong&gt;\">Wenn du dein Bike in der App sperrst, wird der physische Power-Button am Rahmen deaktiviert. Das Bike kann dann nur \u00fcber die App wieder entsperrt und genutzt werden. Wird es im gesperrten Zustand bewegt, erh\u00e4ltst du sofort eine Benachrichtigung.<\/item><item index=\"5\" title=\"<strong&gt;Was bedeutet Remote Diagnostics?<\/strong&gt;\">Wenn du die Standort- und Internetdienste aktiviert hast, k\u00f6nnen unsere Techniker Sensor- oder Systemprobleme aus der Ferne pr\u00fcfen. Es werden nur minimale technische Daten genutzt, niemals zu Marketingzwecken, und dein Standort wird nicht an Dritte weitergegeben.<\/item><item index=\"6\" title=\"<strong&gt;Kann ich den Zugang zu meinem Bike mit anderen teilen?<\/strong&gt;\">Ja. Du kannst den Zugang sicher \u00fcber einen einmaligen QR-Code in der App teilen. Die andere Person scannt den Code und erh\u00e4lt die Berechtigung, dein Ampler zu entsperren und zu fahren. Du beh\u00e4ltst jederzeit die volle Kontrolle und kannst den Zugang wieder entziehen.<\/item><\/items><\/faq>\n\n\n\n<div style=\"height:200px\" aria-hidden=\"true\" class=\"wp-block-spacer\"><\/div>\n\n\n\n<div style=\"height:150px\" aria-hidden=\"true\" class=\"wp-block-spacer\"><\/div>\n\n\n\n<image-block-cta subtitle=\"Entwicklerteam freut sich darauf!\" title=\"Hast du Ideen f\u00fcr unsere App? Unser\" image=\"https:\/\/assets.ampler.bike\/a\/20251113153031\/Frame-668-min-scaled.jpg\" mobile-tablet-image=\"https:\/\/assets.ampler.bike\/a\/20251113172056\/app-ideas-min.jpg\" class=\"wp-block-ampler-image-block-cta\"><buttons><button index=\"0\" text=\"Sende uns deine Idee\" link=\"mailto:hello@amplerbikes.com\" color=\"white\"><\/button><button index=\"1\" text=\"Mehr zur Technik\" link=\"\/[locale]\/innovation\" color=\"ghost-light\"><\/button><\/buttons><\/image-block-cta>\n","protected":false},"excerpt":{"rendered":"<p>&lt;a href=&#187;https:\/\/apps.apple.com\/de\/app\/ampler-bikes-2-0\/id1494465020&#8243;>&lt;img src=&#187;https:\/\/assets.ampler.bike\/a\/20251113113803\/Component-2.png&#187; style=&#187;width:216px;&#187;\/>&lt;\/a> &lt;a href=&#187;https:\/\/play.google.com\/store\/apps\/details?id=com.amplerbikes.mobile&amp;hl=de&#187;>&lt;img src=&#187;https:\/\/assets.ampler.bike\/a\/20251113113834\/Component-3.png&#187; style=&#187;width:216px;&#187;\/>&lt;\/a><\/p>\n","protected":false},"author":40,"featured_media":178347,"parent":0,"menu_order":0,"comment_status":"closed","ping_status":"closed","template":"","meta":{"footnotes":""},"_links":{"self":[{"href":"https:\/\/wp.ampler.bike\/de-CH\/wp-json\/wp\/v2\/pages\/178320"}],"collection":[{"href":"https:\/\/wp.ampler.bike\/de-CH\/wp-json\/wp\/v2\/pages"}],"about":[{"href":"https:\/\/wp.ampler.bike\/de-CH\/wp-json\/wp\/v2\/types\/page"}],"author":[{"embeddable":true,"href":"https:\/\/wp.ampler.bike\/de-CH\/wp-json\/wp\/v2\/users\/40"}],"replies":[{"embeddable":true,"href":"https:\/\/wp.ampler.bike\/de-CH\/wp-json\/wp\/v2\/comments?post=178320"}],"version-history":[{"count":6,"href":"https:\/\/wp.ampler.bike\/de-CH\/wp-json\/wp\/v2\/pages\/178320\/revisions"}],"predecessor-version":[{"id":178649,"href":"https:\/\/wp.ampler.bike\/de-CH\/wp-json\/wp\/v2\/pages\/178320\/revisions\/178649"}],"wp:featuredmedia":[{"embeddable":true,"href":"https:\/\/wp.ampler.bike\/de-CH\/wp-json\/wp\/v2\/media\/178347"}],"wp:attachment":[{"href":"https:\/\/wp.ampler.bike\/de-CH\/wp-json\/wp\/v2\/media?parent=178320"}],"curies":[{"name":"wp","href":"https:\/\/api.w.org\/{rel}","templated":true}]}}