{"id":12454,"date":"2021-08-31T10:01:29","date_gmt":"2021-08-31T10:01:29","guid":{"rendered":"https:\/\/wp.ampler.bike\/events\/"},"modified":"2025-11-12T10:33:38","modified_gmt":"2025-11-12T08:33:38","slug":"events","status":"publish","type":"page","link":"https:\/\/wp.ampler.bike\/de-CH\/events\/","title":{"rendered":"Probefahrt-Events"},"content":{"rendered":"\n<hero subtitle=\"\" headline=\"Ampler test ride events\" title=\"Ampler Events\" lead=\"Komm mit zu unseren gemeinsamen Ausfahrten, Testtagen und Treffen, dort bringen wir Menschen und Fahrr\u00e4der zusammen.\" half-height=\"false\" button-text=\"Find an event near you\" button-url=\"#\" src=\"https:\/\/assets.ampler.bike\/a\/20220127200840\/events-desktop-hero-1920px15x-scaled.jpg\" mobile-src=\"https:\/\/assets.ampler.bike\/a\/20220128113843\/events-mobile-1920px.jpg\" class=\"wp-block-ampler-hero\"><perks><\/perks><\/hero>\n\n\n\n<imageBlock bike-id=\"\" button-text=\"Zum Veranstaltungskalender anmelden\" content=\"Wir glauben, dass Radfahren geteilt noch besser ist. Darum organisieren wir Veranstaltungen in ganz Europa, von entspannten Community-Rides bis hin zu praktischen Testtagen mit unseren neuesten R\u00e4dern. Ob du bereits Ampler f\u00e4hrst oder einfach neugierig bist: Du gehst inspiriert, informiert und mit einem L\u00e4cheln nach Hause.\" image-alt=\"\" image-border=\"false\" image-src=\"https:\/\/assets.ampler.bike\/a\/20250421221235\/berlin2-min-scaled.jpg\" link=\"https:\/\/calendar.google.com\/calendar\/u\/0?cid=Y19iOWRhYTA1YzVmNDMzNmM3Yzc2NmE0ODQ3OTg2OGNhYTJmMWU0ZDg2ZDFiMjRhNmE2OGQxNDE0ZWUyMGRjMzJmQGdyb3VwLmNhbGVuZGFyLmdvb2dsZS5jb20\" main-sub-title=\"\" main-title=\"\" subtitle=\"hautnah \" title=\"Erlebe Ampler\" image-with-rounded-corners=\"true\" background-color=\"\" text-color=\"\" class=\"wp-block-ampler-image-block\"><details><\/details><texts><\/texts><\/imageBlock>\n\n\n\n<feature-content-cards subtitle=\"vormerken\" title=\"Datum\" background-color=\"\" text-color=\"\" class=\"wp-block-ampler-feature-content-cards\"><items><item index=\"0\" src=\"https:\/\/assets.ampler.bike\/a\/20250821140945\/Frame-1953265.png\" button-text=\"Mehr erfahren\" button-link=\"https:\/\/lu.ma\/403dfakb\" title=\"Achtsam unterwegs mit Ampler\" tag-line-text=\"07.09.2025\">Ein entspanntes Treffen in Berlin mit einem Gastvortrag \u00fcber \u201eSlow Living\u201c, einer gem\u00fctlichen E-Bike-Ausfahrt und einer angeleiteten Achtsamkeitssession zum Abschluss unserer sommerlichen Slowcation.&lt;br>&lt;br>\ud83d\udccdKreuzberg, Berlin, Deutschland<\/item><item index=\"1\" src=\"https:\/\/assets.ampler.bike\/a\/20250903152433\/DSC01433.jpg\" button-text=\"Mehr erfahren\" button-link=\"https:\/\/www.iaa-mobility.com\/de\" title=\"Ampler auf der IAA Mobility\" tag-line-text=\"09-14.09.2025\">Triff uns auf der IAA Mobility in M\u00fcnchen! Entdecke unsere neuen E-Bikes, sprich mit unserem Team und mach mit bei Probefahrten.&lt;br>&lt;br>\ud83d\udccdStand LS495, IAA Open Space, Ludwigstra\u00dfe, M\u00fcnchen, Deutschland<\/item><item index=\"2\" src=\"https:\/\/assets.ampler.bike\/a\/20250821141104\/Group-1953463.png\" button-text=\"Mehr erfahren\" button-link=\"https:\/\/fb.me\/e\/6Ruas7CdI\" title=\"TOUR d'\u00d6\u00d6 in Tallinn\" tag-line-text=\"22.09.2025\">Wir fahren in die Nacht mit &lt;strong>TOUR d\u2019\u00d6\u00d6&lt;\/strong> \u2013 ein Fest des Radfahrens, der Gemeinschaft und der Freiheit nach Einbruch der Dunkelheit. Sei dabei und erlebe die Stadt in einem neuen Licht.&lt;br>&lt;br>\ud83d\udccdPirita Surfiklubi, Tallinn, Estland<\/item><item index=\"3\" src=\"https:\/\/assets.ampler.bike\/a\/20250821141028\/Group-1953460.png\" button-text=\"Mehr erfahren\" button-link=\"https:\/\/luma.com\/vjsfyc99\" title=\"Roadshow in Freiburg\" tag-line-text=\"23.09.2025\">Wir bringen das Ampler-Gef\u00fchl in deine Stadt, und eine Fahrt reicht, um es zu sp\u00fcren. Komm vorbei, steig auf und entdecke, warum die erste Fahrt bleibt.&lt;br>&lt;br>\ud83d\udccdKart\u00e4userstra\u00dfe 59, 79104 Freiburg im Breisgau, Deutschland<\/item><item index=\"4\" src=\"https:\/\/assets.ampler.bike\/a\/20251028113204\/Curt_art-min-scaled.jpg\" button-text=\"Mehr erfahren\" button-link=\"https:\/\/luma.com\/50e9f6jn\" title=\"Curt Pr\u00e4sentation\" tag-line-text=\"7.11-8.11.2025\">Entdecke die neue Curt Pr\u00e4sentation in unserem Berliner Showroom: mach eine Probefahrt, entdecke die Details und sichere dir ein besonderes Geschenk vor Ort.&lt;br>&lt;br>\ud83d\udccdAmpler Showroom Berlin, Yorckstra\u00dfe 27, Berlin, Deutschland<\/item><item index=\"5\" src=\"https:\/\/assets.ampler.bike\/a\/20251112100255\/nicolas-peyrol-l2VmsBG8nPE-unsplash.jpg\" button-text=\"Mehr erfahren\" button-link=\"https:\/\/luma.com\/v48b57nb\" title=\"D\u00fcsseldorf Service Partner Opening\" tag-line-text=\"25.11.2025\">Wir machen einen kurzen Zwischenstopp, um ein besonderes Test-Event anzubieten. Wir bringen eine Auswahl unserer neuesten Fahrr\u00e4der in allen Farben und Gr\u00f6\u00dfen mit.&lt;br>&lt;br>\ud83d\udccdDownTownBikes, Immermannstr. 34, 40210 D\u00fcsseldorf, Deutschland<\/item><item index=\"6\" src=\"https:\/\/assets.ampler.bike\/a\/20251112101013\/ian-kelsall-MEUvVqkU3QI-unsplash.jpg\" button-text=\"Mehr erfahren\" button-link=\"https:\/\/luma.com\/un4240r9\" title=\"Munich Service Partner Opening\" tag-line-text=\"27.11.2025\">Wir machen einen kurzen Zwischenstopp, um ein besonderes Test-Event anzubieten. Wir bringen eine Auswahl unserer neuesten Fahrr\u00e4der in allen Farben und Gr\u00f6\u00dfen mit.&lt;br>&lt;br>\ud83d\udccdDrehmoment Bike Service, Perhamerstr 86 A, 80687 M\u00fcnchen, Deutschland<\/item><\/items><\/feature-content-cards>\n\n\n\n<cta title=\"Keine Events in deiner N\u00e4he?\" subtitle=\"Teste unsere Bikes mit den Ampler Ambassadors in deiner Region.\" class=\"wp-block-ampler-cta\"><buttons><button index=\"0\" color=\"green\" title=\"Probefahrt buchen\" path=\"\/[locale]\/probe-fahren\"><\/button><\/buttons><\/cta>\n","protected":false},"excerpt":{"rendered":"","protected":false},"author":1,"featured_media":4981,"parent":0,"menu_order":0,"comment_status":"closed","ping_status":"closed","template":"","meta":{"footnotes":""},"_links":{"self":[{"href":"https:\/\/wp.ampler.bike\/de-CH\/wp-json\/wp\/v2\/pages\/12454"}],"collection":[{"href":"https:\/\/wp.ampler.bike\/de-CH\/wp-json\/wp\/v2\/pages"}],"about":[{"href":"https:\/\/wp.ampler.bike\/de-CH\/wp-json\/wp\/v2\/types\/page"}],"author":[{"embeddable":true,"href":"https:\/\/wp.ampler.bike\/de-CH\/wp-json\/wp\/v2\/users\/1"}],"replies":[{"embeddable":true,"href":"https:\/\/wp.ampler.bike\/de-CH\/wp-json\/wp\/v2\/comments?post=12454"}],"version-history":[{"count":25,"href":"https:\/\/wp.ampler.bike\/de-CH\/wp-json\/wp\/v2\/pages\/12454\/revisions"}],"predecessor-version":[{"id":176964,"href":"https:\/\/wp.ampler.bike\/de-CH\/wp-json\/wp\/v2\/pages\/12454\/revisions\/176964"}],"wp:featuredmedia":[{"embeddable":true,"href":"https:\/\/wp.ampler.bike\/de-CH\/wp-json\/wp\/v2\/media\/4981"}],"wp:attachment":[{"href":"https:\/\/wp.ampler.bike\/de-CH\/wp-json\/wp\/v2\/media?parent=12454"}],"curies":[{"name":"wp","href":"https:\/\/api.w.org\/{rel}","templated":true}]}}