{"id":12394,"date":"2021-08-30T17:07:25","date_gmt":"2021-08-30T17:07:25","guid":{"rendered":"https:\/\/wp.ampler.bike\/outlet\/"},"modified":"2022-09-28T07:35:48","modified_gmt":"2022-09-28T07:35:48","slug":"outlet","status":"publish","type":"page","link":"https:\/\/wp.ampler.bike\/de-CH\/outlet\/","title":{"rendered":"Outlet"},"content":{"rendered":"\n<hero headline=\"Direkt verf\u00fcgbare E-Bikes\" lead=\"400 \u20ac Rabatt und direkt verf\u00fcgbar - unser Summersale ger\u00e4t in Fahrt! Neue und alte Modelle, neue Factory Second Bikes und \u00fcberholte E-Bikes stehen bereit.\" half-height=\"true\" src=\"https:\/\/assets.ampler.bike\/a\/20220314151423\/outlet-hero-scaled.jpg\" mobile-src=\"https:\/\/assets.ampler.bike\/a\/20220314151423\/outlet-hero-scaled.jpg\" tablet-src=\"https:\/\/assets.ampler.bike\/a\/20220314151423\/outlet-hero-scaled.jpg\" class=\"wp-block-ampler-hero\"><perks><\/perks><animated-strings><\/animated-strings><\/hero>\n\n\n\n<outlet-categories title=\"Kategorien \" class=\"wp-block-ampler-outlet-categories\"><items><item index=\"0\" headline=\"Neu\" description=\"Brandneue E-Bikes der Generation 1 und 2. Keine optischen M\u00e4ngel.\"><\/item><item index=\"1\" headline=\"Factory second\" description=\"Laufleistung unter 15 km und kleinere optische M\u00e4ngel.\"><\/item><item index=\"2\" headline=\"Refurbished\" description=\"Laufleistung unter 100 km und kleinere optische M\u00e4ngel.\"><\/item><\/items><\/outlet-categories>\n\n\n\n<refurbishedBikes all-prices-include=\"<meta charset=&quot;utf-8&quot;&gt;Preis inkl. [rate]% MwSt.<br&gt;<a href=&quot;https:\/\/support.amplerbikes.com\/de\/support\/articles\/43000546124&quot;&gt;<\/a&gt;\" delivery-label=\"Kostenlose Lieferung in 7-14 Tagen\" shipping-label=\"Kostenloser Versand &amp; R\u00fcckversand innerhalb Europas\" shipping-link=\"https:\/\/support.amplerbikes.com\/de\/support\/solutions\/articles\/43000546124-zahlungsmethoden-und-ratenzahlung\" submit-text=\"[model] bestellen\" refurbished-text=\"\u00dcberholt\" factory-second-text=\"Factory Second\" model-year-label=\"Fahrrad-Modelljahr\" rider-height-label=\"K\u00f6rpergr\u00f6\u00dfe\" read-about-link-text=\"Lies mehr \u00fcber\" refurbished-label-text=\"Kaum gebrauchtes Bike mit geringf\u00fcgigen visuellen M\u00e4ngeln, maximal 100 km gefahren. In technisch einwandfreiem Zustand.\" factory-second-label-text=\"Brandneues Fahrrad mit einigen m\u00f6glichen kleineren visuellen M\u00e4ngeln. In technisch einwandfreiem Zustand.\" new-text=\"Neu\" new-label-text=\"Makellose E-Bikes aus der Ampler Generation 1 (2021)\" filter-title=\"Finde das richtige Bike\" filter-model-label=\"Modell\" filter-size-label=\"Gr\u00f6\u00dfe\" filter-category-label=\"Kategorie\" filter-all-models-label=\"Alle Modelle\" filter-all-sizes-label=\"Alle Gr\u00f6\u00dfen\" filter-all-categories-label=\"Alle Kategorien\" carrier-label=\"Mit Gep\u00e4cktr\u00e4ger\" class=\"wp-block-ampler-refurbished-bikes\">Wir haben derzeit keine E-Bikes verf\u00fcgbar, die deiner Auswahl entsprechen. Schau gern auf &lt;a href=&#187;\/[locale]&#187;>unsere Homepage&lt;\/a>, um dir einen \u00dcberblick \u00fcber die anderen Modelle zu schaffen.<\/refurbishedBikes>\n\n\n\n<cta title=\"Direkt verf\u00fcgbare E-Bikes\" subtitle=\"\" info-box=\"false\" background-color=\"light\" class=\"wp-block-ampler-cta\"><buttons><button index=\"0\" color=\"green\" title=\"Zu den E-Bikes\" path=\"\/[locale]\/auf-lager\"><\/button><\/buttons><\/cta>\n\n\n","protected":false},"excerpt":{"rendered":"","protected":false},"author":1,"featured_media":81284,"parent":0,"menu_order":0,"comment_status":"closed","ping_status":"closed","template":"","meta":{"footnotes":""},"_links":{"self":[{"href":"https:\/\/wp.ampler.bike\/de-CH\/wp-json\/wp\/v2\/pages\/12394"}],"collection":[{"href":"https:\/\/wp.ampler.bike\/de-CH\/wp-json\/wp\/v2\/pages"}],"about":[{"href":"https:\/\/wp.ampler.bike\/de-CH\/wp-json\/wp\/v2\/types\/page"}],"author":[{"embeddable":true,"href":"https:\/\/wp.ampler.bike\/de-CH\/wp-json\/wp\/v2\/users\/1"}],"replies":[{"embeddable":true,"href":"https:\/\/wp.ampler.bike\/de-CH\/wp-json\/wp\/v2\/comments?post=12394"}],"version-history":[{"count":35,"href":"https:\/\/wp.ampler.bike\/de-CH\/wp-json\/wp\/v2\/pages\/12394\/revisions"}],"predecessor-version":[{"id":82854,"href":"https:\/\/wp.ampler.bike\/de-CH\/wp-json\/wp\/v2\/pages\/12394\/revisions\/82854"}],"wp:featuredmedia":[{"embeddable":true,"href":"https:\/\/wp.ampler.bike\/de-CH\/wp-json\/wp\/v2\/media\/81284"}],"wp:attachment":[{"href":"https:\/\/wp.ampler.bike\/de-CH\/wp-json\/wp\/v2\/media?parent=12394"}],"curies":[{"name":"wp","href":"https:\/\/api.w.org\/{rel}","templated":true}]}}