{"id":11685,"date":"2021-08-25T15:22:06","date_gmt":"2021-08-25T15:22:06","guid":{"rendered":"https:\/\/wp.ampler.bike\/leasing-financing\/"},"modified":"2025-11-24T14:17:19","modified_gmt":"2025-11-24T12:17:19","slug":"leasing-und-finanzierung","status":"publish","type":"page","link":"https:\/\/wp.ampler.bike\/de-CH\/leasing-und-finanzierung\/","title":{"rendered":"Leasing &#038; Finanzierung"},"content":{"rendered":"\n<hero headline-top=\"\" subtitle=\"Ampler E-Bikes\" headline=\"Lease dein Ampler E-Bike\" title=\"<br&gt;Finanzierung eines\" lead=\"Flexible Finanzierung macht es einfach, dein Traum-E-Bike zu besitzen, mit klaren Konditionen, niedrigen Monatsraten und ohne versteckte Kosten.\" button-text=\"\" button-url=\"\" src=\"https:\/\/assets.ampler.bike\/a\/20220218185008\/g2-lifestyle-lander-2-desktop-scaled.jpg\" mobile-src=\"https:\/\/assets.ampler.bike\/a\/20220218185010\/g2-lifestyle-lander-2-mobile.jpg\" class=\"wp-block-ampler-hero\"><perks><\/perks><\/hero>\n\n\n\n<imageBlock button-text=\"Mehr \u00fcber HeyLight\" content=\"<br&gt;Genie\u00dfe den Komfort und die Freiheit deines Ampler schon heute und verteile die Kosten \u00fcber die Zeit. Mit der 0 %-Finanzierung von HeyLight kannst du flexible Monatsraten \u00fcber 3, 4, 6, 10 oder 12 Monate w\u00e4hlen.<br&gt;<br&gt;Keine Geb\u00fchren, keine versteckten Kosten, keine \u00dcberraschungen. Einfach und transparent, so wird dein Traum-E-Bike noch leichter erreichbar.\" detail=\"<em&gt;*HeyLight Finanzierung ist ausschlie\u00dflich in der Schweiz verf\u00fcgbar.<\/em&gt;\" eyebrow=\"HeyLight Finanzierung\" image-alt=\"\" image-src=\"https:\/\/assets.ampler.bike\/a\/20250930161125\/heylight-min.png\" link=\"https:\/\/amplerbikes.com\/de-CH\/leasing-und-finanzierung\/hey-light-de\" subtitle=\"0 % Zinsen\" title=\"12 Monate\" image-with-rounded-corners=\"false\" background-color=\"\" text-color=\"\" class=\"wp-block-ampler-image-block\"><details><\/details><texts><\/texts><\/imageBlock>\n\n\n\n<highlight-title title=\"Monatliche Raten\" subtitle=\"0 % Zinsen\" tagline=\"Finanzierungspartner\" lead=\"\" button-text=\"\" button-url=\"#comparison-table\" class=\"wp-block-ampler-nova-highlight-title\"><\/highlight-title>\n\n\n\n<pressCards class=\"wp-block-ampler-press-cards\"><items><item index=\"0\" headline=\"Alma - Deutschland\" image-src=\"https:\/\/assets.ampler.bike\/a\/20230724101447\/Alma-Logo.jpg\" image-alt=\"\" path=\"\/[locale]\/alma\" text=\"Bezahle dein Ampler in bis zu 4 monatlichen Raten mit Alma, immer 0 % Zinsen und keine versteckten Geb\u00fchren. Einfach Alma beim Checkout ausw\u00e4hlen und losfahren.\" link-text=\"Mehr \u00fcber Alma\"><\/item><item index=\"1\" headline=\"PayPal\" image-src=\"https:\/\/assets.ampler.bike\/a\/20250924110354\/paypal-ampler.jpg\" image-alt=\"Logo of PayPal\" path=\"paypal.com\" text=\"Bezahle mit PayPal in voller Summe oder teile den Betrag in 3\u201324 monatliche Raten. Die Zinss\u00e4tze variieren je nach Land und Plan und bieten dir volle Flexibilit\u00e4t beim Checkout.\" link-text=\"Mehr \u00fcber PayPal\"><\/item><item index=\"2\" headline=\"ESTO - Estland\" image-src=\"https:\/\/assets.ampler.bike\/a\/20240430175934\/Leasing-Logos-1.jpg\" image-alt=\"\" path=\"\/[locale]\/esto\" text=\"Finanziere dein Ampler lokal mit ESTO. W\u00e4hle 10 monatliche Zahlungen zu 0 % Zinsen oder verteile die Kosten \u00fcber 12-36 Monate mit einem festen Jahreszins von 9,9 %.\" link-text=\"Mehr \u00fcber ESTO\"><\/item><\/items><\/pressCards>\n\n\n\n<highlight-title title=\"E-Bike leasen\" subtitle=\"ab 45 \u20ac pro Monat\" tagline=\"Leasing-Partner\" lead=\"\" button-text=\"\" button-url=\"#comparison-table\" class=\"wp-block-ampler-nova-highlight-title\"><\/highlight-title>\n\n\n\n<pressCards class=\"wp-block-ampler-press-cards\"><items><item index=\"0\" headline=\"Jobrad - Deutschland\" image-src=\"https:\/\/assets.ampler.bike\/a\/20250930170633\/jobrad.jpg\" image-alt=\"\" path=\"\/[locale]\/jobrad\" text=\"Lease dein Ampler als Dienstrad mit JobRad. Die Raten werden direkt vom Gehalt abgezogen, so sparst du bis zu 35 % dank Steuervorteilen.\" link-text=\"Mehr \u00fcber Jobrad\"><\/item><item index=\"1\" headline=\"Bikeleasing - Deutschland\" image-src=\"https:\/\/assets.ampler.bike\/a\/20250930171552\/bikeleasing.webp\" image-alt=\"\" path=\"\/[locale]\/bikeleasing\" text=\"Mit Bikeleasing bekommst du dein Ampler einfach und flexibel als Dienstrad. Profitiere von Steuervorteilen und bequemen Konditionen.\" link-text=\"Mehr \u00fcber Bikeleasing\"><\/item><item index=\"2\" headline=\"Lease a Bike - Niederlande\" image-src=\"https:\/\/assets.ampler.bike\/a\/20250930164354\/leaseabike.webp\" image-alt=\"\" path=\"\/[locale]\/lease-a-bike\" text=\"Lease a Bike macht dein Ampler erschwinglich ohne hohe Anschaffungskosten. Dein Arbeitgeber \u00fcbernimmt die Abwicklung, du genie\u00dft niedrige Monatsraten.\" link-text=\"Mehr \u00fcber Lease a Bike\"><\/item><\/items><\/pressCards>\n\n\n\n<imageBlock content=\"\" details-first=\"false\" details-list-number=\"false\" eyebrow=\"\" image-alt=\"\" image-first=\"false\" image-src=\"https:\/\/assets.ampler.bike\/a\/20250930163500\/web_3-min.png\" leasing=\"false\" main-title=\"\" service=\"true\" subtitle=\"Dienstrad-Leasings\" title=\"<br&gt;Vorteile des\" image-with-rounded-corners=\"true\" background-color=\"\" text-color=\"\" class=\"wp-block-ampler-image-block\"><details><detail index=\"0\" value=\"Sparvorteile genie\u00dfen dank steuerlicher Vorteile.\"><\/detail><detail index=\"1\" value=\"Kleine monatliche Raten \u00fcber die Gehaltsabrechnung\"><\/detail><detail index=\"2\" value=\"Radfahren st\u00e4rkt die Gesundheit und macht den Kopf frei.\"><\/detail><detail index=\"3\" value=\"Staus umgehen und entspannter pendeln.\"><\/detail><detail index=\"4\" value=\"Nutzen Sie Ihr Fahrrad f\u00fcr Arbeit und Wochenenden.\"><\/detail><\/details><texts><\/texts><\/imageBlock>\n\n\n\n<faq title=\"H\u00e4ufig gestellte Fragen\" class=\"wp-block-ampler-faq\"><items><item index=\"0\" title=\"Was ist der Vorteil des Leasings eines Ampler E-Bikes \u00fcber meinen Arbeitgeber?\">Fahrradleasing nutzt das sogenannte Dienstwagenprivileg (auch als \u201c0.25 %-Regel\u201d bekannt) f\u00fcr Fahrr\u00e4der und Pedelecs. Das geht ganz einfach: Dein Arbeitgeber schlie\u00dft einen Rahmenvertrag mitder Leasingfirma ab \u2013 und schon kannst du und deine Kollegen \u00fcber die Firma beziehen.&lt;br>Bezahlt wird bequem \u00fcber monatliche Raten, die direkt vom Lohn einbehalten werden \u2013 und durch die vorteilhafte Versteuerung f\u00e4hrst du deutlich g\u00fcnstiger.<\/item><item index=\"1\" title=\"Wie lange ist die Leasingdauer?\">Bei allen unserer Leasingpartner betr\u00e4gt die Laufzeit grunds\u00e4tzlich 36 Monate.<\/item><item index=\"2\" title=\"Was passiert, wenn ich bei meinem Arbeitgeber k\u00fcndige?\">Das Dienstrad-Leasing ist durch die offizielle Rechtsprechung festgelegt und bietet den gr\u00f6\u00dften Nutzen, wenn der Vertrag wie geplant 36 Monate l\u00e4uft. Wenn deine pers\u00f6nliche oder berufliche Lage sich ver\u00e4ndert, entscheidet Ihr Arbeitgeber, was mit dem Leasingfahrrad passiert. Lese den Vertrag \u00fcber die \u00dcberlassung gr\u00fcndlich durch. Spreche mit der Person, die f\u00fcr Ihre Firma zust\u00e4ndig ist.<\/item><item index=\"3\" title=\"Was passiert, wenn ich mein E-Bike zur\u00fcckgeben m\u00f6chte?\">In der Regel ist dies nicht mehr m\u00f6glich, sobald die Leasingdauer begonnen hat. Es ist sehr wichtig, das Fahrrad bei Erhalt sorgf\u00e4ltig auf M\u00e4ngel und Defekte zu pr\u00fcfen, bevor der Leasingvertrag aktiviert wird.<\/item><item index=\"4\" title=\" Welche Ampler-Modelle kann ich \u00fcber Leasing erwerben?\">Bei den meisten unserer Leasingpartner ist es nur m\u00f6glich, neue Ampler-R\u00e4der zu leasen. \u00dcberholte und pre-loved Fahrr\u00e4der k\u00f6nnen nur \u00fcber Bikeleasing geleast werden.<\/item><item index=\"5\" title=\"Welche Anforderungen muss meine Bestellung erf\u00fcllen?\">Um ein Ampler-E-Bike leasen zu k\u00f6nnen, musst du einen Wohnsitz in Deutschland haben und bei einem deutschen Unternehmen angestellt sein, das einen Vertrag mit einem unserer Leasingpartner (Jobrad und Bikeleasing) abgeschlossen hat. Als Selbstst\u00e4ndiger bist du auch f\u00fcr das Leasing qualifiziert.<\/item><\/items><\/faq>\n\n\n\n<image-block-cta subtitle=\"Ampler E-Bike\" title=\"Lease jetzt dein\" image=\"https:\/\/assets.ampler.bike\/a\/20240429135336\/Stout_AmplerBCN_CG_007.jpeg\" class=\"wp-block-ampler-image-block-cta\"><buttons><button index=\"0\" text=\"E-Bikes entdecken\" link=\"\/[locale]\/e-bikes\" color=\"white\"><\/button><button index=\"1\" text=\"Testfahrt buchen\" link=\"\/[locale]\/probe-fahren\" color=\"ghost-light\"><\/button><\/buttons><\/image-block-cta>\n","protected":false},"excerpt":{"rendered":"","protected":false},"author":1,"featured_media":42734,"parent":0,"menu_order":0,"comment_status":"closed","ping_status":"closed","template":"","meta":{"footnotes":""},"_links":{"self":[{"href":"https:\/\/wp.ampler.bike\/de-CH\/wp-json\/wp\/v2\/pages\/11685"}],"collection":[{"href":"https:\/\/wp.ampler.bike\/de-CH\/wp-json\/wp\/v2\/pages"}],"about":[{"href":"https:\/\/wp.ampler.bike\/de-CH\/wp-json\/wp\/v2\/types\/page"}],"author":[{"embeddable":true,"href":"https:\/\/wp.ampler.bike\/de-CH\/wp-json\/wp\/v2\/users\/1"}],"replies":[{"embeddable":true,"href":"https:\/\/wp.ampler.bike\/de-CH\/wp-json\/wp\/v2\/comments?post=11685"}],"version-history":[{"count":42,"href":"https:\/\/wp.ampler.bike\/de-CH\/wp-json\/wp\/v2\/pages\/11685\/revisions"}],"predecessor-version":[{"id":179442,"href":"https:\/\/wp.ampler.bike\/de-CH\/wp-json\/wp\/v2\/pages\/11685\/revisions\/179442"}],"wp:featuredmedia":[{"embeddable":true,"href":"https:\/\/wp.ampler.bike\/de-CH\/wp-json\/wp\/v2\/media\/42734"}],"wp:attachment":[{"href":"https:\/\/wp.ampler.bike\/de-CH\/wp-json\/wp\/v2\/media?parent=11685"}],"curies":[{"name":"wp","href":"https:\/\/api.w.org\/{rel}","templated":true}]}}