{"id":106665,"date":"2022-02-23T19:39:27","date_gmt":"2022-02-23T19:39:27","guid":{"rendered":"https:\/\/fe.ampler.bike\/?p=106665"},"modified":"2025-01-14T20:08:26","modified_gmt":"2025-01-14T18:08:26","slug":"juna","status":"publish","type":"page","link":"https:\/\/wp.ampler.bike\/de-CH\/e-bikes\/juna\/","title":{"rendered":"Juna"},"content":{"rendered":"\n<hero-diagonal heading=\"Juna\" subtitle=\"Entspanntes und bequemes E-Bike f\u00fcr den Alltag\" image=\"https:\/\/assets.ampler.bike\/a\/20250114152916\/Screenshot-2025-01-14-at-13.03.08.png\" mobile-tablet-image=\"https:\/\/assets.ampler.bike\/a\/20250114152916\/Screenshot-2025-01-14-at-13.03.08.png\" show-ltd-logo=\"false\" ltd-link-text=\"\" ltd-link=\"\" class=\"wp-block-ampler-hero-diagonal\"><\/hero-diagonal>\n\n\n\n<configurator-my23 model=\"2473\" subtitle=\"Das E-Bike wird mit integrierter Beleuchtung, Schutzblechen, einem St\u00e4nder und einem Ladeger\u00e4t geliefert.\" button-text=\"Juna bestellen\" usp-link=\"https:\/\/support.amplerbikes.com\/de\/support\/solutions\/folders\/43000563800\" button-link=\"\/[locale]\/warenkorb\" in-stock-text=\"auf Lager\" out-of-stock-text=\"Nicht auf Lager\" shipping-starts-text=\"Versand beginnt\" badge=\"https:\/\/assets.ampler.bike\/a\/20250408210958\/stock-clearance-badge.png\" monthly-price-text=\"oder ab [monthlyPrice]\/ Monat\" purchasing-options-text=\"Welche Zahlungsoptionen habe ich?\" purchasing-options-link=\"https:\/\/support.amplerbikes.com\/de\/support\/solutions\/articles\/43000546124\" class=\"wp-block-ampler-configurator-my23\">Inklusive [rate]% Mehrwertsteuer. zzgl. &lt;a href=&#187;https:\/\/support.amplerbikes.com\/de\/support\/solutions\/articles\/43000546129&#8243; target=&#187;_blank&#187; rel=&#187;noreferrer noopener&#187;>Versandkosten&lt;\/a><usp><item index=\"0\" label=\"Entwickelt und hergestellt in Estland\"><\/item><item index=\"1\" label=\"14 Tage kostenloses R\u00fcckgaberecht \"><\/item><item index=\"2\" label=\"2 Jahre Garantie \"><\/item><\/usp><modal-drive id=\"drive\" title=\"Antrieb \"><details index=\"0\" title=\"Singlespeed\" image-src=\"https:\/\/assets.ampler.bike\/a\/20230223160940\/configurator-juna-moon-grey-4.jpg\" subtitle=\"Das Gates Carbon Drive Riemensystem macht dein Juna leicht und leise. Der Riemenantrieb sieht nicht nur au\u00dfergew\u00f6hnlich gut aus, sondern ist auch sauber, langlebig, wartungsarm und leise. Kohlefasern verleihen dem Riemenantrieb eine l\u00e4ngere Lebensdauer als eine herk\u00f6mmliche Kette.  \"><details-items index=\"0\" detail=\"Riemen: Gates CDN 118T \"><\/details-items><details-items index=\"1\" detail=\"Vorderes Zahnrad: Gates CDX 55T \"><\/details-items><details-items index=\"2\" detail=\"Hinteres Zahnrad: Gates CDX 19T \"><\/details-items><\/details><\/modal-drive><modal-carrier id=\"carrier\" title=\"Gep\u00e4cktr\u00e4ger\" description=\"\" image-src=\"https:\/\/assets.ampler.bike\/a\/20220301151006\/g2-shopping-cart-extras-rear-carrier1x-3.jpg\"><\/modal-carrier><\/configurator-my23>\n\n\n\n<benefits-carousel title=\"Qualit\u00e4t und Best\u00e4ndigkeit\" class=\"wp-block-ampler-benefits-carousel\"><items><item index=\"0\" image=\"https:\/\/assets.ampler.bike\/a\/20240320162053\/g2-juna-specs-2-handlebar.jpg\" title=\"Hoher Lenker und ergonomische Griffe \" description=\"mit angenehmer Haptik. \"><\/item><item index=\"1\" image=\"https:\/\/assets.ampler.bike\/a\/20240320162103\/g2-juna-specs3-belt.jpg\" title=\"Single-Speed-Riemenantrieb \" description=\"f\u00fcr einen ger\u00e4uschlosen Lauf und einfache Pflege. \"><\/item><item index=\"2\" image=\"https:\/\/assets.ampler.bike\/a\/20240320162055\/g2-juna-specs-4-brakes.jpg\" title=\"Hydraulische Scheibenbremsen \" description=\"mit starker Bremskraft. \"><\/item><item index=\"3\" image=\"https:\/\/assets.ampler.bike\/a\/20240320162057\/g2-juna-specs-5-fender-light.jpg\" title=\"Helle im Schutzblech integrierte R\u00fccklichter \" description=\"f\u00fcr volle Sicht und Sicherheit. \"><\/item><item index=\"4\" image=\"https:\/\/assets.ampler.bike\/a\/20240320162059\/g2-juna-specs-6-front-light.jpg\" title=\"Helles Vorderlicht \" description=\"f\u00fcr eine bessere Sicht. \"><\/item><item index=\"5\" image=\"https:\/\/assets.ampler.bike\/a\/20240320162101\/g2-juna-specs-7-tires.jpg\" title=\"Pannensichere Reifen \" description=\"f\u00fcr eine sorgenfreie Fahrt. \"><\/item><\/items><\/benefits-carousel>\n\n\n\n<bikesInStock refurbished-text=\"\u00dcberholt\" factory-second-text=\"Factory second\" new-text=\"Neu\" filter-title=\"Finde das perfekte E-Bike f\u00fcr dich\" filter-model-label=\"Modell\" filter-size-label=\"Gr\u00f6\u00dfe\" filter-category-label=\"Kategorie\" filter-all-models-label=\"Alle Modelle\" filter-all-sizes-label=\"Alle Gr\u00f6\u00dfen\" filter-all-categories-label=\"Alle Kategorien\" reset-label=\"Alle Filter zur\u00fccksetzen\" carrier-label=\"Mit Gep\u00e4cktr\u00e4ger\" left-in-stock-text=\"auf Lager\" frame-size-label-text=\"Rahmengr\u00f6\u00dfe\" inseam-label-text=\"Innenbeinl\u00e4nge\" frame-size-guide-page-link=\"\/[locale]\/rahmengroessenrechner\" vat-info-text=\"Preis inkl. [rate]% MwSt.\" shipping-info-link=\"https:\/\/support.amplerbikes.com\/de\/support\/solutions\/folders\/43000563800\" shipping-info-text=\"\" buy-button-text=\"Bestellen\" model-name=\"Juna\" title=\"Kannst du es nicht erwarten, loszufahren?\" subtitle=\"W\u00e4hle aus den Bikes, die sofort lieferbar sind!\" cta-button-text=\"Alle Bikes auf Lager ansehen\" cta-button-link=\"\/[locale]\/auf-lager\" class=\"wp-block-ampler-bikes-in-stock\">Wir haben derzeit keine E-Bikes verf\u00fcgbar, die deiner Auswahl entsprechen. Schau gern auf &lt;a href=&#187;\/[locale]&#187;>unsere Homepage&lt;\/a>, um dir einen \u00dcberblick \u00fcber die anderen Modelle zu schaffen.<\/bikesInStock>\n\n\n\n<trustpilot-widget title=\"Kundenbewertungen f\u00fcr Juna\" content=\"<div class=&quot;trustpilot-widget&quot; data-locale=&quot;de-DE&quot; data-template-id=&quot;60f537b5b0f1639de1fe048c&quot; data-businessunit-id=&quot;5a327060b894c909d0778789&quot; data-style-height=&quot;140px&quot; data-style-width=&quot;100%&quot; data-theme=&quot;light&quot; data-sku=&quot;JunaGen2&quot; data-review-languages=&quot;de&quot; data-star-color=&quot;#00825B&quot; data-no-reviews=&quot;hide&quot;&gt; <a href=\" link=\"\/[locale]\/ampler-bewertungen-erfahrung\" link-text=\"Mehr sehen\" class=\"wp-block-ampler-trustpilot-widget\"><\/trustpilot-widget>\n\n\n\n<imageBlock bike-id=\"\" content=\"Das Juna ist mit einem niedrigen Rahmen ausgestattet, der eine bequeme sowie aufrechte Sitzposition bietet. Dies macht das Auf- und Absteigen einfach \u2013 ideal zum Pendeln, Einkaufen oder die t\u00e4gliche Fahrt zum Kindergarten. Das Juna ist f\u00fcr alle gedacht, die ein gesch\u00e4ftiges Leben haben. Der Rahmen und die Positionierung machen dieses E-Bike ideal f\u00fcr Personen mit einer K\u00f6rpergr\u00f6\u00dfe von etwa 150 bis 174 cm.\" image-alt=\"\" image-src=\"https:\/\/assets.ampler.bike\/a\/20220222112657\/g2-juna-text-image-1.jpg\" title=\"F\u00fcr Komfort gemacht\" class=\"wp-block-ampler-image-block\"><details><\/details><texts><\/texts><\/imageBlock>\n\n\n\n<imageBlock bike-id=\"\" content=\"Das charmante Design des Juna wird durch seinen leistungsstarken Motor erg\u00e4nzt, der ein nahtloses unterst\u00fctztes Treten erm\u00f6glicht. \u00dcberwinde jede steile Steigung, w\u00e4hrend du dich m\u00fchelos durch die Stra\u00dfen der Stadt und dar\u00fcber hinaus bewegst. Du kannst den Motor jederzeit \u00fcber unsere App regulieren oder ganz ausschalten und dennoch eine komfortable Fahrt genie\u00dfen.\" image-alt=\"\" image-first=\"true\" image-src=\"https:\/\/assets.ampler.bike\/a\/20220222112659\/g2-juna-text-image-2.jpg\" title=\"Schlicht und elegant\" class=\"wp-block-ampler-image-block\"><details><\/details><texts><\/texts><\/imageBlock>\n\n\n\n<imageBlock bike-id=\"\" content=\"Das Juna bietet alle Annehmlichkeiten, die du dir w\u00fcnschen kannst. Befestige einen Fahrradanh\u00e4nger oder einen Kindersitz, um deinen Alltag zu erleichtern. Das Juna hat bereits in die Schutzbleche integrierte Lichter und einen Seitenst\u00e4nder. Ob allt\u00e4gliche Besorgungen oder Abenteuer in der Umgebung: Das Juna wurde als dein treuer Begleiter entwickelt.\" image-alt=\"\" image-src=\"https:\/\/assets.ampler.bike\/a\/20220222112701\/g2-juna-text-image-3.jpg\" title=\"Stylisch und komfortabel\" class=\"wp-block-ampler-image-block\"><details><\/details><texts><\/texts><\/imageBlock>\n\n\n\n<specs title=\"Technische Details\" is-in-accordion=\"true\" class=\"wp-block-ampler-specs\"><categories><category index=\"0\" name=\"Komponenten\"><item index=\"0\" title=\"Rahmen\" description=\"Aluminiumlegierung 6061, doppelt konifiziert\"><\/item><item index=\"1\" title=\"Gabel\" description=\"Aluminium, konisch, 15 mm Steckachse\"><\/item><item index=\"2\" title=\"Schutzbleche\" description=\"Aluminium 55 mm, schwarz eloxiert, mit integriertem R\u00fccklicht\"><\/item><item index=\"3\" title=\"Lenker\" description=\"Ampler Comfort Lenker 630 mm\"><\/item><item index=\"4\" title=\"Tretlager\" description=\"Abgedichtetes Tretlager mit integriertem Drehmomentsensor\"><\/item><item index=\"5\" title=\"Singlespeed-Riemenantrieb\" description=\"Riemen: Gates CDN 118T<br&gt;Vorderes Zahnrad: Gates CDX 55T<br&gt;Hinteres Zahnrad: Gates CDX 19T\"><\/item><item index=\"6\" title=\"Bremsen\" description=\"Hydraulische Mineral\u00f6l-Scheibenbremsen mit 2-Kolben-Bremss\u00e4tteln\"><\/item><item index=\"7\" title=\"Reifen\" description=\"Continental Contact Urban 50-584, Safety Pro Breaker\"><\/item><item index=\"8\" title=\"Gewicht\" description=\"16.5 kg\"><\/item><item index=\"9\" title=\"Optionale Extras\" description=\"Hecktr\u00e4ger, Anh\u00e4ngeradapter\"><\/item><\/category><category index=\"1\" name=\"Elektronik\"><item index=\"0\" title=\"Unterst\u00fctzte Geschwindigkeit\" description=\"25 km\/h\"><\/item><item index=\"1\" title=\"Reichweite\" description=\"50\u2013100 km je nach Gel\u00e4nde und Unterst\u00fctzungsmodus\"><\/item><item index=\"2\" title=\"Akku\" description=\"Integrierter Ampler Akku, 48 V 336 Wh\"><\/item><item index=\"3\" title=\"Motor\" description=\"Ampler Heckmotor mit neuem Nabengeh\u00e4use, 250 W Nennleistung\"><\/item><item index=\"4\" title=\"Motorsteuerung\" description=\"Pr\u00e4zises Pedaldrehmoment-Sensor-Motorsteuerungssystem<br&gt;Anpassbare Motorunterst\u00fctzungsmodi<br&gt;Bei ausgeschaltetem Motor ist kein Widerstand zu sp\u00fcren\"><\/item><item index=\"5\" title=\"Konnektivit\u00e4t\" description=\"Bluetooth, GSM, GPS\"><\/item><item index=\"6\" title=\"Ladeger\u00e4t\" description=\"3A Li-Ion Ladeger\u00e4t mit Rosenberger Magnetstecker\"><\/item><item index=\"7\" title=\"Ladezeit\" description=\"2,5 Stunden f\u00fcr 100% Aufladung\"><\/item><item index=\"8\" title=\"Beleuchtung\" description=\"StVZO-zugelassene Beleuchtung, die per Akku betrieben wird<br&gt;Vorne: B&amp;M IQ-XS<br&gt;Hinten: Am Schutzblech montiertes Trelock-R\u00fccklicht\"><\/item><\/category><\/categories><\/specs>\n\n\n\n<geometry heading=\"Geometrie\" is-in-accordion=\"true\" class=\"wp-block-ampler-geometry\"><frames><category index=\"0\" icon=\"\/assets\/frame-small-dark.svg\" img=\"https:\/\/assets.ampler.bike\/a\/20220225141506\/geometry-illu-G2_Juna-XS-scaled.jpg\" imageid=\"51860\" imagealt=\"\" size=\"Gr\u00f6\u00dfe XS\"><item index=\"0\" title=\"Effektives Oberrohr\" size=\"571 mm\"><\/item><item index=\"1\" title=\"Sitzrohrl\u00e4nge\" size=\"430 mm\"><\/item><item index=\"2\" title=\"Steuerrohr\" size=\"185 mm\"><\/item><item index=\"3\" title=\"Lenkungswinkel\" size=\"70\u00b0\"><\/item><item index=\"4\" title=\"Sitzrohrwinkel\" size=\"71\u00b0\"><\/item><item index=\"5\" title=\"Kettenstrebe\" size=\"440 mm\"><\/item><item index=\"6\" title=\"Radstand\" size=\"1073 mm\"><\/item><item index=\"7\" title=\"Standh\u00f6he\" size=\"600 mm\"><\/item><item index=\"8\" title=\"Reach\" size=\"398 mm\"><\/item><\/category><category index=\"1\" icon=\"\/assets\/frame-small-dark.svg\" img=\"https:\/\/assets.ampler.bike\/a\/20220225141501\/geometry-illu-G2_Juna-S-scaled.jpg\" imageid=\"51840\" imagealt=\"\" size=\"Gr\u00f6\u00dfe S\"><item index=\"0\" title=\"Effektives Oberrohr\" size=\"588 mm\"><\/item><item index=\"1\" title=\"Sitzrohrl\u00e4nge\" size=\"480 mm\"><\/item><item index=\"2\" title=\"Steuerrohr\" size=\" 210 mm\"><\/item><item index=\"3\" title=\"Lenkungswinkel\" size=\"70\u00b0\"><\/item><item index=\"4\" title=\"Sitzrohrwinkel\" size=\"71\u00b0\"><\/item><item index=\"5\" title=\"Kettenstrebe\" size=\"440 mm\"><\/item><item index=\"6\" title=\"Radstand\" size=\"1091 mm\"><\/item><item index=\"7\" title=\"Standh\u00f6he\" size=\"623 mm\"><\/item><item index=\"8\" title=\"Reach\" size=\"407 mm\"><\/item><\/category><\/frames><\/geometry>\n\n\n\n<usp title=\"Sorgenfreies Radfahren mit Ampler\" subtitle=\"Ampler ist f\u00fcr dich da, um dir ein sorgenfreies Gef\u00fchl beim Radfahren zu geben\" class=\"wp-block-ampler-worry-free\"><items><item index=\"0\" label=\"14-day free returns\" label-link=\"\" text=\"Lieben oder zur\u00fcckgeben \u2013 du hast 14 Tage Zeit, es dir anders zu \u00fcberlegen. Ohne Fragen.\" imageid=\"151546\" image=\"https:\/\/assets.ampler.bike\/a\/20250331230911\/local_shipping.png\" imagealt=\"\"><\/item><item index=\"1\" label=\"\u00a0<strong&gt;2 Jahre Garantie<\/strong&gt;\" label-link=\"\" text=\"2 Jahre Garantie auf das Fahrrad und 5 Jahre auf Rahmen und Gabel \u2013 f\u00fcr ein gutes Gef\u00fchl.\" imageid=\"151533\" image=\"https:\/\/assets.ampler.bike\/a\/20250331230856\/new_releases.png\" imagealt=\"\"><\/item><item index=\"2\" label=\"<strong&gt;Service in Europa<\/strong&gt;\" label-link=\"\" text=\"8 offizielle Servicepartner und \u00fcber 15 Ampler-freundliche Werkst\u00e4tten in ganz Europa halten dich mobil.\" imageid=\"151520\" image=\"https:\/\/assets.ampler.bike\/a\/20250331230844\/handyman.png\" imagealt=\"\"><\/item><item index=\"3\" label=\"Wir helfen dir weiter\" label-link=\"\" text=\"Echte Menschen, echte Hilfe. Unser Kundendienst ist schnell, freundlich und leicht erreichbar.\" imageid=\"151507\" image=\"https:\/\/assets.ampler.bike\/a\/20250331230828\/call_quality.png\" imagealt=\"\"><\/item><item index=\"4\" label=\"<strong&gt;Leasen<\/strong&gt;\" label-link=\"\" text=\"Flexible Leasingoptionen verf\u00fcgbar. Wir helfen dir, den passenden Plan zu finden.\" imageid=\"151494\" image=\"https:\/\/assets.ampler.bike\/a\/20250331230816\/checkbook.png\" imagealt=\"\"><\/item><\/items><\/usp>\n\n\n\n<frameSizeCalculator title=\"Wie findest du die passende Rahmengr\u00f6\u00dfe?\" description=\"F\u00fcge deine K\u00f6rpergr\u00f6\u00dfe und die Innenbeinl\u00e4nge hinzu, um herauszufinden, welcher Ampler-Fahrradrahmen am besten zu dir passt.\" height-text=\"K\u00f6rpergr\u00f6\u00dfe\" length-text=\"Innenbeinl\u00e4nge\" submit-text=\"Das passende Modell finden\" drive-text=\"Antrieb\" configure-text=\"Konfigurieren\" success-message=\"Basierend auf deinen Ma\u00dfen empfehlen wir dir diese Rahmengr\u00f6\u00dfen.\" warning-message=\"Du befindest dich zwischen zwei Gr\u00f6\u00dfen. Wir empfehlen, die kleinere der beiden Rahmengr\u00f6\u00dfen zu w\u00e4hlen.\" error-message=\"Deine K\u00f6rpergr\u00f6\u00dfe und\/oder Innenbeinl\u00e4nge ist gr\u00f6\u00dfer als unsere empfohlenen Rahmengr\u00f6\u00dfen, so dass wir m\u00f6glicherweise nicht in der Lage sind, eine richtige Passform f\u00fcr unsere Fahrr\u00e4der zu garantieren. Bitte <a href=&quot;https:\/\/amplerbikes.com\/de\/kontakt&quot;&gt;kontaktiere uns<\/a&gt; f\u00fcr die Fahrradrahmengr\u00f6\u00dfe.\" is-popup=\"true\" model=\"juna\" retry-button-text=\"Erneut versuchen\" select-model-text=\"Ausw\u00e4hlen\" calculate-model-text=\"Rahmengr\u00f6\u00dfe berechnen\" modal-title=\"Rahmengr\u00f6\u00dfenrechner\" class=\"wp-block-ampler-frame-size-calculator\"><instructions><instruction index=\"0\" title=\"Was ist eine Innenbeinl\u00e4nge und wie messe ich sie?\"><instructions-items index=\"0\" text=\"Die Innenbeinl\u00e4nge ist der Abstand vom Boden bis zur h\u00f6chstm\u00f6glichen Position im Schritt. So findest du\u00a0 deine Innenbeinl\u00e4nge f\u00fcr die optimale Bestimmung der Rahmengr\u00f6\u00dfe.\"><\/instructions-items><instructions-items index=\"1\" text=\"Lass jemanden von der Schrittnaht deiner Hose bis zum Boden messen. Zieh das Ma\u00dfband fest nach oben um eine genaue Messung zu gew\u00e4hrleisten.\"><\/instructions-items><\/instruction><\/instructions><\/frameSizeCalculator>\n\n\n\n<table title=\"Vergleiche unsere\" subtitle=\"Modelle\" class=\"wp-block-ampler-table\"><props><prop text=\"Riding Position\"><\/prop><prop text=\"F\u00fcr Fahrer geeignet\"><\/prop><prop text=\"Gewicht\"><\/prop><prop text=\"Gabel\"><\/prop><prop text=\"Getriebe und Antriebsstrang\"><\/prop><prop text=\"Range\"><\/prop><prop text=\"Kickstand\"><\/prop><prop text=\"Gepr\u00e4cktr\u00e4ger hinten\"><\/prop><\/props><items><item index=\"0\" src=\"https:\/\/assets.ampler.bike\/a\/20250331225612\/nova-couple.png\" bikeid=\"nova\" title=\"Der ideale Einstieg in urbane E-Bikes mit Komfort.\" tagline=\"Neu!\" link=\"\/nova\" linktext=\"\"><content index=\"0\" value=\"Aufrecht<br&gt;<a href=&quot;https:\/\/amplerbikes.com\/de-DE\/e-bikes\/stellar&quot;&gt;<\/a&gt;\"><\/content><content index=\"1\" value=\"S: 160-172 cm<br&gt;M: 173-185 cm<br&gt;L: 186-200 cm\"><\/content><content index=\"2\" value=\"17.4 kg\"><\/content><content index=\"3\" value=\"Aluminum\"><\/content><content index=\"4\" value=\"9-gang MicroSHIFT\"><\/content><content index=\"5\" value=\"50-100 km\"><\/content><content index=\"6\" value=\"Ja\"><\/content><content index=\"7\" value=\"Optional\"><\/content><\/item><item index=\"1\" src=\"https:\/\/assets.ampler.bike\/a\/20250331225629\/nova-pro-couple.png\" bikeid=\"novapro\" title=\"Ein hochwertiger Allrounder f\u00fcr l\u00e4ngere, sanftere Fahrten.\" tagline=\"Neu!\" link=\"\/nova-pro\" linktext=\"\"><content index=\"0\" value=\"Aktiv\"><\/content><content index=\"1\" value=\"S: 160-172 cm<br&gt;M: 173-185 cm<br&gt;L: 186-200 cm\"><\/content><content index=\"2\" value=\"16.6-17.7kg\"><\/content><content index=\"3\" value=\"Aluminum\"><\/content><content index=\"4\" value=\"10-gang Shimano Deore<br&gt;Singlespeed Carbon CDX\"><\/content><content index=\"5\" value=\"50-100 km\"><\/content><content index=\"6\" value=\"Ja\"><\/content><content index=\"7\" value=\"Inklusive\"><\/content><\/item><item index=\"2\" src=\"https:\/\/assets.ampler.bike\/a\/20250331225649\/curt-couple.png\" bikeid=\"2472_2478\" title=\"Das leichteste, sportlichste Bike f\u00fcr agile Stadt-Leistung.\" tagline=\"\" link=\"\/curt\" linktext=\"\"><content index=\"0\" value=\"Sportlich\"><\/content><content index=\"1\" value=\"S: 160-172 cm<br&gt;M: 173-185 cm<br&gt;L: 186-198 cm\"><\/content><content index=\"2\" value=\"14.4 kg\"><\/content><content index=\"3\" value=\"Carbon\"><\/content><content index=\"4\" value=\"Singlespeed Carbon CDX\"><\/content><content index=\"5\" value=\"50-100 km\"><\/content><content index=\"6\" value=\"Nein\"><\/content><content index=\"7\" value=\"Optional\"><\/content><\/item><item index=\"3\" src=\"https:\/\/assets.ampler.bike\/a\/20250331225710\/anyroad-couple.png\" bikeid=\"2476_2477\" title=\"Abenteuerfeste Stabilit\u00e4t f\u00fcr jede Stra\u00dfe, die vor dir liegt.\" tagline=\"\" link=\"\/curt-anyroad\" linktext=\"\"><content index=\"0\" value=\"Aktiv\"><\/content><content index=\"1\" value=\"S: 160-172 cm<br&gt;M: 173-185 cm<br&gt;L: 186-198 cm\"><\/content><content index=\"2\" value=\"16.9 kg\"><\/content><content index=\"3\" value=\"Aluminum\"><\/content><content index=\"4\" value=\"10-gang MicroSHIFT\"><\/content><content index=\"5\" value=\"50-100 km\"><\/content><content index=\"6\" value=\"Ja\"><\/content><content index=\"7\" value=\"Optional\"><\/content><\/item><\/items><\/table>\n\n\n\n<script type=\"application\/ld+json\">\n    {\n      \"@context\": \"https:\/\/schema.org\/\",\n      \"@type\": \"Product\",\n      \"name\": \"Juna\",\n      \"image\": [\n          \"https:\/\/assets.ampler.bike\/a\/20220222094924\/g2-e-bikes-desktop-text-with-image-uncontained-juna.svg\",\n        \"https:\/\/assets.ampler.bike\/a\/20220222112645\/g2-juna-specs-2-handlebar.svg\",\n        \"https:\/\/assets.ampler.bike\/a\/20220222112656\/g2-juna-specs3-belt.svg\",\n        \"https:\/\/assets.ampler.bike\/a\/20220222112649\/g2-juna-specs-4-brakes.svg\",\n        \"https:\/\/assets.ampler.bike\/a\/20220222112651\/g2-juna-specs-5-fender-light.svg\",\n        \"https:\/\/assets.ampler.bike\/a\/20220222112653\/g2-juna-specs-6-front-light.svg\",\n        \"https:\/\/assets.ampler.bike\/a\/20220222112654\/g2-juna-specs-7-tires.svg\",\n  \"https:\/\/amplerbikes.com\/_next\/image?url=https%3A%2F%2Fassets.ampler.bike%2Fa%2F20220225141506%2Fgeometry-illu-G2_Juna-XS.jpg&w=3840&q=75\",      \n\"https:\/\/amplerbikes.com\/_next\/image?url=https%3A%2F%2Fassets.ampler.bike%2Fa%2F20220304162357%2Fg2-main-nav-juna-padding.jpg&w=3840&q=75\",\n\"https:\/\/amplerbikes.com\/_next\/image?url=https%3A%2F%2Fassets.ampler.bike%2Fa%2F20220222112657%2Fg2-juna-text-image-1.jpg&w=3840&q=75\",\n\"https:\/\/amplerbikes.com\/_next\/image?url=https%3A%2F%2Fassets.ampler.bike%2Fa%2F20220222112659%2Fg2-juna-text-image-2.jpg&w=3840&q=75\",\n\"https:\/\/amplerbikes.com\/_next\/image?url=https%3A%2F%2Fassets.ampler.bike%2Fa%2F20220222112701%2Fg2-juna-text-image-3.jpg&w=3840&q=75\",\n\"https:\/\/amplerbikes.com\/_next\/image?url=https%3A%2F%2Fassets.ampler.bike%2Fa%2F20220222112635%2Fg2-juna-color-blocker-statement.jpg&w=3840&q=75\"\n       ],\n      \"description\": \"Ein starker Motor gepaart mit einer aufrechten Geometrie, die das Radfahren entspannter macht. Keine Strecke ist zu lang, kein H\u00fcgel zu steil \u2013 das Juna E-Bike von Ampler Bikes macht jede Fahrt zu einem m\u00fchelosen und bequemen Genuss.\",\n   \n      \"brand\": {\n        \"@type\": \"Brand\",\n        \"name\": \"Ampler Bikes\"\n      },\n       \"aggregateRating\": {\n    \"@type\": \"AggregateRating\",\n    \"ratingValue\": \"4.7\",\n    \"bestRating\": \"5\",\n    \"worstRating\": \"1\",\n    \"ratingCount\": \"718\"\n  },\n       \"offers\": [{\n    \"@type\": \"Offer\",\n \"url\": \"https:\/\/amplerbikes.com\/de-DE\/e-bikes\/juna\",\n    \"sku\": \"AMP-STELLAR21-MEDIUM-BLUE\",\n    \"name\": \"Damen E-Bike Juna 2022 Extra Small Moon Grey Singlespeed mit Riemenantrieb mit Tiefeinstieg\",\n    \"price\": 2790,\n    \"priceCurrency\": \"EUR\",\n\"itemCondition\": \"https:\/\/schema.org\/New\"\n  },{\n    \"@type\": \"Offer\",\n \"url\": \"https:\/\/amplerbikes.com\/de-DE\/e-bikes\/juna\",\n    \"sku\": \"U15-AMP-STELLAR21-SMALL-BLUE\",\n    \"name\": \"Damen E-Bike Juna 2022 Small Moon Grey Singlespeed mit Riemenantrieb mit Tiefeinstieg\",\n    \"price\": 2750,\n    \"priceCurrency\": \"EUR\",\n\"itemCondition\": \"https:\/\/schema.org\/New\"\n  },{\n    \"@type\": \"Offer\",\n \"url\": \"https:\/\/amplerbikes.com\/de-DE\/outlet\",\n    \"sku\": \"AMP-STELLAR21-MEDIUM-RED\",\n    \"name\": \"Damen E-Bike Juna 2022 Extra Small Moon Grey Factory Second Singlespeed mit Riemenantrieb mit Tiefeinstieg\",\n    \"price\": 2750,\n    \"priceCurrency\": \"EUR\",\n\"itemCondition\": \"https:\/\/schema.org\/New\"\n  },{\n    \"@type\": \"Offer\",\n \"url\": \"https:\/\/amplerbikes.com\/de-DE\/outlet\",\n    \"sku\": \"U15-AMP-STELLAR21-MEDIUM-RED\",\n    \"name\": \"Damen E-Bike Juna 2022 Small Moon Grey Factory Second Singlespeed mit Riemenantrieb mit Tiefeinstieg\",\n    \"price\": 2750,\n    \"priceCurrency\": \"EUR\",\n\"itemCondition\": \"https:\/\/schema.org\/New\"\n  \n}]\n    }\n    <\/script>\n\n\n\n<cta title=\"Dein Leben. Dein Stil. Dein E-Bike.\" subtitle=\"Finde das passende E-Bike f\u00fcr dich.\" info-box=\"false\" class=\"wp-block-ampler-cta\"><buttons><button index=\"0\" color=\"transparent\" title=\"Besuche unsere Showrooms\" path=\"\/[locale]\/showrooms\"><\/button><button index=\"1\" color=\"green\" title=\"Juna Probefahren\" path=\"\/[locale]\/probe-fahren?model=Juna\"><\/button><\/buttons><\/cta>\n","protected":false},"excerpt":{"rendered":"","protected":false},"author":1,"featured_media":128389,"parent":54928,"menu_order":0,"comment_status":"closed","ping_status":"closed","template":"","meta":{"footnotes":""},"_links":{"self":[{"href":"https:\/\/wp.ampler.bike\/de-CH\/wp-json\/wp\/v2\/pages\/106665"}],"collection":[{"href":"https:\/\/wp.ampler.bike\/de-CH\/wp-json\/wp\/v2\/pages"}],"about":[{"href":"https:\/\/wp.ampler.bike\/de-CH\/wp-json\/wp\/v2\/types\/page"}],"author":[{"embeddable":true,"href":"https:\/\/wp.ampler.bike\/de-CH\/wp-json\/wp\/v2\/users\/1"}],"replies":[{"embeddable":true,"href":"https:\/\/wp.ampler.bike\/de-CH\/wp-json\/wp\/v2\/comments?post=106665"}],"version-history":[{"count":24,"href":"https:\/\/wp.ampler.bike\/de-CH\/wp-json\/wp\/v2\/pages\/106665\/revisions"}],"predecessor-version":[{"id":145323,"href":"https:\/\/wp.ampler.bike\/de-CH\/wp-json\/wp\/v2\/pages\/106665\/revisions\/145323"}],"up":[{"embeddable":true,"href":"https:\/\/wp.ampler.bike\/de-CH\/wp-json\/wp\/v2\/pages\/54928"}],"wp:featuredmedia":[{"embeddable":true,"href":"https:\/\/wp.ampler.bike\/de-CH\/wp-json\/wp\/v2\/media\/128389"}],"wp:attachment":[{"href":"https:\/\/wp.ampler.bike\/de-CH\/wp-json\/wp\/v2\/media?parent=106665"}],"curies":[{"name":"wp","href":"https:\/\/api.w.org\/{rel}","templated":true}]}}