{"id":163178,"date":"2025-05-02T16:54:27","date_gmt":"2025-05-02T13:54:27","guid":{"rendered":"https:\/\/wp.ampler.bike\/?page_id=163178"},"modified":"2025-11-13T16:25:47","modified_gmt":"2025-11-13T14:25:47","slug":"innovation","status":"publish","type":"page","link":"https:\/\/wp.ampler.bike\/de-AT\/innovation\/","title":{"rendered":"Innovation-DE"},"content":{"rendered":"\n<hero-text-only title=\"F\u00fcrs Wesentliche gebaut.\" subtitle=\"F\u00fcr die lange Strecke gemacht.\" button-text=\"\" button-url=\"\" class=\"wp-block-ampler-hero-text-only\">Wir bauen keine Spielereien auf zwei R\u00e4dern. Wir bauen E-Bikes, leise, pr\u00e4zise und von Menschen entwickelt, die selbst fahren. Jede Innovation macht das Fahrerlebnis einfacher, angenehmer und langlebiger. Mit 4 Jahren Garantie, weil gute Ingenieurskunst f\u00fcr sich selbst spricht.<\/hero-text-only>\n\n\n\n<image-content subtitle=\"die sich elegant zur\u00fcckh\u00e4lt\" title=\"Technologie,\" image=\"https:\/\/assets.ampler.bike\/a\/20250616160619\/Innovation-page-hero-3-scaled.jpg\" class=\"wp-block-ampler-image-content\">Das gesamte Ampler-System ist im Rahmen untergebracht, von der leistungsstarken Batterie \u00fcber die ma\u00dfgeschneiderte Platine und Sensorik bis zur leisen Antriebseinheit. Die integrierte Technik sorgt f\u00fcr die klare Silhouette, das geringe Gewicht und das ausgewogene Fahrgef\u00fchl und sch\u00fctzt alle wichtigen Komponenten dauerhaft.<\/image-content>\n\n\n\n<cta title=\"E-Bikes mit sp\u00fcrbarer Qualit\u00e4t\" subtitle=\"\" class=\"wp-block-ampler-cta\"><buttons><\/buttons><\/cta>\n\n\n\n<imageBlock button-text=\"\" content=\"Unser hauseigenes Motorsystem verbindet sanfte Unterst\u00fctzung mit nat\u00fcrlichem Tretgef\u00fchl mit oder ohne Antrieb. Der speziell entwickelte, reibungsarme Nabenmotor sorgt auch ausgeschaltet f\u00fcr schnelles, m\u00fcheloses Fahren.<br&gt;<br&gt;Jedes Antriebssystem wird in Estland pr\u00e4zise montiert und abgestimmt f\u00fcr leise, zuverl\u00e4ssige Leistung \u00fcber viele Jahre hinweg.\" image-alt=\"Ampler Nova's cutting-edge e-bike motor system blends smart innovation with seamless performance. Whether you're cruising under power or pedaling unplugged, you're always in control.\" image-border=\"false\" image-first=\"false\" image-src=\"https:\/\/assets.ampler.bike\/a\/20250430150947\/Natural-feel-refined-motor-min.jpg\" leasing=\"false\" link=\"\" link-text=\"\" main-sub-title=\"\" main-title=\"\" no-margin=\"false\" subtitle=\"\" title=\"Nat\u00fcrliches Fahrgef\u00fchl, fein abgestimmter Motor\" image-with-rounded-corners=\"false\" background-color=\"\" text-color=\"\" class=\"wp-block-ampler-image-block\"><details><\/details><texts><\/texts><\/imageBlock>\n\n\n\n<div style=\"height:50px\" aria-hidden=\"true\" class=\"wp-block-spacer\"><\/div>\n\n\n\n<imageBlock button-text=\"\" content=\"<a href=&quot;https:\/\/www.baramind-bike.com\/en\/content\/5-tech&quot;&gt;Die patentierte, sto\u00dfd\u00e4mpfende Lenkertechnologie <\/a&gt;von Baramind filtert Stra\u00dfen\u00advibrationen heraus und absorbiert St\u00f6\u00dfe auf unebenem Terrain, so wird der K\u00f6rper entlastet.<br&gt;Der Lenker ist darauf ausgelegt, Handgelenke und Gelenke langfristig zu schonen, ohne dabei die Lenkpr\u00e4zision zu beeintr\u00e4chtigen.<br&gt;<br&gt;Baramind-Lenker federn bei St\u00f6\u00dfen nach unten, bleiben aber bei Anstiegen und Kurven stabil f\u00fcr volle Kontrolle und sp\u00fcrbar mehr Komfort.\" detail=\"\" image-alt=\"\" image-border=\"false\" image-first=\"true\" image-src=\"https:\/\/assets.ampler.bike\/a\/20250502132443\/Handlebar-1.jpg\" lead=\"\" leasing=\"false\" link=\"\" link-text=\"\" main-sub-title=\"\" main-title=\"\" no-margin=\"false\" subtitle=\"\" title=\"Sto\u00dfd\u00e4mpfender Lenker\" image-with-rounded-corners=\"false\" background-color=\"\" text-color=\"\" class=\"wp-block-ampler-image-block\"><details><\/details><texts><\/texts><\/imageBlock>\n\n\n\n<div style=\"height:50px\" aria-hidden=\"true\" class=\"wp-block-spacer\"><\/div>\n\n\n\n<imageBlock button-text=\"Mehr erfahren\" content=\"Das von Ampler entwickelte und weltweit erste USB-C-Ladesystem f\u00fcr E-Bikes liefert bis zu 140\u202fW Leistung, mit dem neuesten USB Power Delivery 3.1-Protokoll. F\u00fcr schnelles, effizientes und sicheres Laden mit universeller Kompatibilit\u00e4t.<br&gt;<br&gt;Die intelligente Ladearchitektur basiert auf dem USB PD EPR Controller von Texas Instruments, mit integriertem Spannungsboost, pr\u00e4ziser Stromregelung und Temperatur\u00fcberwachung. Das macht das Laden flexibel und sicher<br&gt;<br&gt;Zudem erlaubt das bidirektionale USB-C-Laden das Aufladen von Ger\u00e4ten unterwegs - wie Handy, Licht oder andere Systeme, mit bis zu 15\u202fW (5V\/3A), direkt vom Fahrrad aus.\" detail=\"\" image-alt=\"How did Ampler implement usb-c charging for their new e-bike Nova.\" image-border=\"false\" image-first=\"false\" image-src=\"https:\/\/assets.ampler.bike\/a\/20250430151834\/usb-ccc-min.jpg\" lead=\"\" leasing=\"false\" link=\"https:\/\/amplerbikes.com\/de-DE\/usb-c\" link-text=\"\" main-sub-title=\"\" main-title=\"\" no-margin=\"false\" subtitle=\"\" title=\"USB-C-Laden\" image-with-rounded-corners=\"false\" background-color=\"\" text-color=\"\" class=\"wp-block-ampler-image-block\"><details><\/details><texts><\/texts><\/imageBlock>\n\n\n\n<div style=\"height:50px\" aria-hidden=\"true\" class=\"wp-block-spacer\"><\/div>\n\n\n\n<hero src=\"https:\/\/assets.ampler.bike\/a\/20250421161952\/usbc1-min-scaled.jpg\" vid-src=\"https:\/\/assets.ampler.bike\/a\/20250410103856\/Worlds_first_usb-charging_e-bike_1920x1080.mov\" class=\"wp-block-ampler-hero\"><perks><\/perks><\/hero>\n\n\n\n<cta title=\"Mit einem Fahrer-zuerst-Ansatz entwickelt\" subtitle=\"\" class=\"wp-block-ampler-cta\"><buttons><\/buttons><\/cta>\n\n\n\n<imageBlock button-text=\"\" content=\"Der vollst\u00e4ndig integrierte Lithium-Ionen-Akku wird von einem intelligenten Batteriemanagementsystem (BMS) gesteuert, f\u00fcr maximale Sicherheit, Leistung und Langlebigkeit.<br&gt;<br&gt;Ausgestattet mit hochwertigen Panasonic-18650-Zellen mit einer Energiedichte von 264 Wh\/kg die perfekte Balance aus Leistung und Gewicht f\u00fcr leichte E-Bikes.<br&gt;<br&gt;Der ultrakompakte Akku ist im Unterrohr verbaut und erh\u00e4lt so das klassische, aufger\u00e4umte Design. Das BMS sch\u00fctzt jede einzelne Zelle, sorgt f\u00fcr effiziente Stromabgabe und minimiert den Energieverbrauch im Standby-Modus.\" detail=\"\" image-alt=\"\" image-border=\"false\" image-first=\"true\" image-src=\"https:\/\/assets.ampler.bike\/a\/20250502111128\/battery-5-7.jpg\" lead=\"\" leasing=\"false\" link=\"\" link-text=\"\" main-sub-title=\"\" main-title=\"\" no-margin=\"false\" subtitle=\"\" title=\"Integrierter, effizienter Akku\" image-with-rounded-corners=\"false\" background-color=\"\" text-color=\"\" class=\"wp-block-ampler-image-block\"><details><\/details><texts><\/texts><\/imageBlock>\n\n\n\n<div style=\"height:50px\" aria-hidden=\"true\" class=\"wp-block-spacer\"><\/div>\n\n\n\n<imageBlock button-text=\"\" content=\"Mit LTE-M-Verbindung und 2G-Fallback bleibt das Bike auch in abgelegenen Gegenden zuverl\u00e4ssig online. Das hochpr\u00e4zise Ortungssystem nutzt gleichzeitig Galileo-, GPS- und BeiDou-Satelliten f\u00fcr exakte und verl\u00e4ssliche Standortdaten.*<br&gt;<br&gt;Im Zentrum steht der Ampler Bike Controller (ABC), der alle Subsysteme steuert, sich mit der Ampler App verbindet und Live-Daten auf dem integrierten Farbdisplay anzeigt.<br&gt;<br&gt;Die Firmware wird intern entwickelt und erm\u00f6glicht Over-the-Air-Updates f\u00fcr stetige Leistungs-Verbesserungen, neue Funktionen und zukunftssichere Technik.<br&gt;<br&gt;* Verf\u00fcgbar mit dem Konnektivit\u00e4ts-Paket\" detail=\"\" image-alt=\"\" image-border=\"false\" image-first=\"false\" image-src=\"https:\/\/assets.ampler.bike\/a\/20250411122826\/ampler-display-scaled.jpg\" lead=\"\" leasing=\"false\" link=\"\" link-text=\"\" main-sub-title=\"\" main-title=\"\" no-margin=\"false\" subtitle=\"\" title=\"Ampler Bike Controller\u00a0\" image-with-rounded-corners=\"false\" background-color=\"\" text-color=\"\" class=\"wp-block-ampler-image-block\"><details><\/details><texts><\/texts><\/imageBlock>\n\n\n\n<div style=\"height:50px\" aria-hidden=\"true\" class=\"wp-block-spacer\"><\/div>\n\n\n\n<imageBlock button-text=\"Mehr entdecken\" content=\"Passe dein Fahrerlebnis individuell an: Unterst\u00fctzungsstufen, Motorverhalten und vieles mehr lassen sich bequem \u00fcber die Ampler App steuern, f\u00fcr ein perfekt abgestimmtes Fahrgef\u00fchl. Mit GPS-Tracking in Echtzeit siehst du immer, wo dein Fahrrad ist, ob unterwegs oder abgestellt.<br&gt;<br&gt;Sichere dein Rad aus der Ferne mit dem integrierten E-Lock und erhalte sofort Benachrichtigungen bei ungew\u00f6hnlichen Ereignissen. Logge deine Fahrten, analysiere Statistiken und behalte alles im Blick mit automatischem Fahrten-Tracking in der App.<br&gt;<br&gt;Erh\u00e4ltlich f\u00fcr iOS und Android, mit Bluetooth Low Energy und LTE-M f\u00fcr Fernzugriff und Updates.*<br&gt;<br&gt;\u00a0*LTE-M verf\u00fcgbar mit dem Konnektivit\u00e4ts-Paket\" detail=\"\" image-alt=\"Customize your ride experience by adjusting assist levels, motor response, and other settings through the Ampler App, giving you full control over how the bike rides and feels.\" image-border=\"false\" image-first=\"true\" image-src=\"https:\/\/assets.ampler.bike\/a\/20250430153129\/Ampler-bike-app-min.jpg\" lead=\"\" leasing=\"false\" link=\"\/[locale]\/smart-app\" link-text=\"\" main-sub-title=\"\" main-title=\"\" no-margin=\"false\" subtitle=\"\" title=\"Ampler App\" image-with-rounded-corners=\"false\" background-color=\"\" text-color=\"\" class=\"wp-block-ampler-image-block\"><details><\/details><texts><\/texts><\/imageBlock>\n\n\n\n<div style=\"height:50px\" aria-hidden=\"true\" class=\"wp-block-spacer\"><\/div>\n\n\n\n<imageBlock button-text=\"\" content=\"Top-Bremskraft: Hydraulische Scheibenbremsen von Shimano sorgen f\u00fcr zuverl\u00e4ssiges, reaktionsschnelles Bremsen, volle Kontrolle, auch im Notfall.<br&gt;<br&gt;Maximaler Grip, minimales Risiko: Premiumreifen von Continental bieten hervorragenden Pannenschutz und sicheren Halt bei jedem Wetter und Untergrund.<br&gt;<br&gt;Sichtbar fahren, sichtbar bleiben: Integrierte Front und R\u00fccklichter, gepr\u00fcft nach StVO, sorgen f\u00fcr Sichtbarkeit bei Tag und Nacht.<br&gt;<br&gt;Robuster, leichter Rahmen: Der Rahmen aus Flugzeugaluminium (6061) vereint Stabilit\u00e4t mit Agilit\u00e4t. Alltagstauglich und gleichzeitig angenehm leicht.\" detail=\"\" image-alt=\"\" image-border=\"false\" image-first=\"false\" image-src=\"https:\/\/assets.ampler.bike\/a\/20250430162428\/man-with-kid-1-scaled.jpg\" lead=\"\" leasing=\"false\" link=\"\" link-text=\"\" main-sub-title=\"\" main-title=\"\" no-margin=\"false\" subtitle=\"\" title=\"Konzipiert f\u00fcr Sicherheit.\" image-with-rounded-corners=\"false\" background-color=\"\" text-color=\"\" class=\"wp-block-ampler-image-block\"><details><\/details><texts><\/texts><\/imageBlock>\n\n\n\n<image-block-cta subtitle=\"sondern das Fahrerlebnis.\" title=\"Bei uns z\u00e4hlt nicht nur das Design,\" image=\"https:\/\/assets.ampler.bike\/a\/20250505144234\/how-it-works-5-scaled.jpg\" class=\"wp-block-ampler-image-block-cta\"><buttons><button index=\"0\" text=\"So funktioniert\u2019s\" link=\"https:\/\/amplerbikes.com\/de-DE\/how-it-works-funktionsweise\" color=\"white\"><\/button><\/buttons><\/image-block-cta>\n","protected":false},"excerpt":{"rendered":"","protected":false},"author":34,"featured_media":178359,"parent":0,"menu_order":0,"comment_status":"closed","ping_status":"closed","template":"","meta":{"footnotes":""},"_links":{"self":[{"href":"https:\/\/wp.ampler.bike\/de-AT\/wp-json\/wp\/v2\/pages\/163178"}],"collection":[{"href":"https:\/\/wp.ampler.bike\/de-AT\/wp-json\/wp\/v2\/pages"}],"about":[{"href":"https:\/\/wp.ampler.bike\/de-AT\/wp-json\/wp\/v2\/types\/page"}],"author":[{"embeddable":true,"href":"https:\/\/wp.ampler.bike\/de-AT\/wp-json\/wp\/v2\/users\/34"}],"replies":[{"embeddable":true,"href":"https:\/\/wp.ampler.bike\/de-AT\/wp-json\/wp\/v2\/comments?post=163178"}],"version-history":[{"count":21,"href":"https:\/\/wp.ampler.bike\/de-AT\/wp-json\/wp\/v2\/pages\/163178\/revisions"}],"predecessor-version":[{"id":178313,"href":"https:\/\/wp.ampler.bike\/de-AT\/wp-json\/wp\/v2\/pages\/163178\/revisions\/178313"}],"wp:featuredmedia":[{"embeddable":true,"href":"https:\/\/wp.ampler.bike\/de-AT\/wp-json\/wp\/v2\/media\/178359"}],"wp:attachment":[{"href":"https:\/\/wp.ampler.bike\/de-AT\/wp-json\/wp\/v2\/media?parent=163178"}],"curies":[{"name":"wp","href":"https:\/\/api.w.org\/{rel}","templated":true}]}}