{"id":159390,"date":"2025-04-11T10:08:23","date_gmt":"2025-04-11T07:08:23","guid":{"rendered":"https:\/\/wp.ampler.bike\/usb-c\/"},"modified":"2025-11-13T17:24:32","modified_gmt":"2025-11-13T15:24:32","slug":"usb-c","status":"publish","type":"page","link":"https:\/\/wp.ampler.bike\/de-AT\/usb-c\/","title":{"rendered":"USB-C Charging-DE"},"content":{"rendered":"\n<hero subtitle=\"mit USB-C Ladefunktion\" title=\"Das erste E-Bike\" lead=\"Ein Ladeger\u00e4t f\u00fcr alles, l\u00e4dt dein Handy, deinen Laptop und alles dazwischen. Egal wo du bist.\" half-height=\"false\" is-subtitle-smaller=\"true\" button-text=\"Finde dein E-Bike\" button-url=\"\/[locale]\/novas-de\" src=\"https:\/\/assets.ampler.bike\/a\/20250408144729\/DSC4726-1-min.jpg\" vid-src=\"https:\/\/assets.ampler.bike\/a\/20250410103856\/Worlds_first_usb-charging_e-bike_1920x1080.mov\" class=\"wp-block-ampler-hero\"><perks><\/perks><\/hero>\n\n\n\n<div style=\"height:100px\" aria-hidden=\"true\" class=\"wp-block-spacer\"><\/div>\n\n\n\n<feature-content-cards subtitle=\"\u00fcberall auf\" title=\"Lade dein E-Bike\" background-color=\"\" text-color=\"\" class=\"wp-block-ampler-feature-content-cards\"><items><item index=\"0\" src=\"https:\/\/assets.ampler.bike\/a\/20251028001056\/Ampler_Curt_USB-C-min-scaled.jpg\" title=\"Mit einer Powerbank \u00fcberall laden\" tag-line-text=\"Lade \u00fcberall\">Keine Steckdose in Sicht? Mit einer USB-C-Powerbank kannst du dein E-Bike \u00fcberall aufladen.<\/item><item index=\"1\" src=\"https:\/\/assets.ampler.bike\/a\/20250604131252\/Slide2.jpg\" title=\"Laden am Schreibtisch\" tag-line-text=\"Im B\u00fcro\">Ein USB-C-Kabel l\u00e4dt Laptop und E-Bike direkt am Schreibtisch.<\/item><item index=\"2\" src=\"https:\/\/assets.ampler.bike\/a\/20250604131255\/Slide3.png\" title=\"Lade dein Handy\" tag-line-text=\"Lade dein Handy\">Handyakku leer? Dein Ampler hilft dir aus. Einfach einstecken und aufladen.<\/item><\/items><\/feature-content-cards>\n\n\n\n<div style=\"height:300px\" aria-hidden=\"true\" class=\"wp-block-spacer\"><\/div>\n\n\n\n<image-block-category tagline=\"Was ist neu?\" title=\"Das Denken hinter der Technologie\" image=\"https:\/\/assets.ampler.bike\/a\/20250410213313\/kristjancto-min-scaled.jpg\" mobile-tablet-image=\"https:\/\/assets.ampler.bike\/a\/20250411153026\/kristjan-cto.jpg\" button-text=\"Mehr ansehen\" button-link=\"https:\/\/www.youtube.com\/watch?v=q_pbKdBC4bc\" class=\"wp-block-ampler-image-block-category\">\u201eDenn manchmal bedeuten gro\u00dfartige Innovationen nicht, mehr hinzuzuf\u00fcgen. Es geht vielmehr darum, Dinge einfacher zu machen\u201c, Kristjan Maruste, CTO.<\/image-block-category>\n\n\n\n<div style=\"height:300px\" aria-hidden=\"true\" class=\"wp-block-spacer\"><\/div>\n\n\n\n<imageBlock button-text=\"Mehr erfahren\" content=\"Ab Ende 2024 schreibt die EU USB-C als einheitlichen Ladestandard f\u00fcr kleine und mittelgro\u00dfe Ger\u00e4te vor, ein Schritt zur Reduzierung von Elektroschrott und zur Vereinfachung des Alltags.<br&gt;<br&gt;Mit Nova und Nova Pro ist Ampler bereits einen Schritt voraus, dank integrierter USB-C-Ladebuchse im Fahrrad. So brauchst du weniger Kabel, l\u00e4dst flexibler und machst dein Leben einfacher. Ein kleines Detail mit gro\u00dfer Wirkung, f\u00fcr den Alltag und den Planeten.<br&gt;\" image-alt=\"Ampler Nova is the world's first usb-c chargeable e-bike\" image-src=\"https:\/\/assets.ampler.bike\/a\/20250401090704\/usb-c-compressed-photo.jpg\" link=\"https:\/\/amplerbikes.com\/de-DE\/blog\/warum-wir-das-weltweit-erste-usbc-aufladbare-ebike-entwickelt-haben\" subtitle=\"den EU-Standards f\u00fcr USB-C\" title=\"Entspricht\" background-color=\"\" text-color=\"\" class=\"wp-block-ampler-image-block\"><details><\/details><texts><\/texts><\/imageBlock>\n\n\n\n<div style=\"height:100px\" aria-hidden=\"true\" class=\"wp-block-spacer\"><\/div>\n\n\n\n<h2 class=\"wp-block-heading\">Unsere E-Bikes mit USB-C-Unterst\u00fctzung<\/h2>\n\n\n\n<model-preview image=\"https:\/\/assets.ampler.bike\/a\/20250407193402\/novas-min-scaled.jpg\" alt=\"\" class=\"wp-block-ampler-model-preview\"><items><item index=\"0\" class=\"bike-item\" model=\"nova\" button-text=\"Nova Probefahren\" button-link=\"\/[locale]\/e-bikes\/nova\"><perk text=\"USB-C Ladeanschluss\"><\/perk><perk text=\"9-Gang\"><\/perk><perk text=\"diamantrahmen\"><\/perk><perk text=\"tiefeinstieg\"><\/perk><\/item><item index=\"1\" class=\"bike-item\" model=\"novapro\" button-text=\"Nova Pro Probefahren\" button-link=\"\/[locale]\/e-bikes\/nova-pro\"><perk text=\"USB-C Ladeanschluss\"><\/perk><perk text=\"10-Gang\"><\/perk><perk text=\"singlespeed\"><\/perk><perk text=\"diamantrahmen\"><\/perk><perk text=\"tiefeinstieg\"><\/perk><\/item><item index=\"2\" class=\"bike-item\" model=\"curt2026\" button-text=\"Cur Probefahren\" button-link=\"\/[locale]\/e-bikes\/curt\"><perk text=\"USB-C Ladeanschluss\"><\/perk><perk text=\"11-Gang\"><\/perk><perk text=\"singlespeed\"><\/perk><perk text=\"diamantrahmen\"><\/perk><perk text=\"tiefeinstieg\"><\/perk><\/item><\/items><\/model-preview>\n\n\n\n<div style=\"height:100px\" aria-hidden=\"true\" class=\"wp-block-spacer\"><\/div>\n\n\n\n<usp title=\"Sorgenfreies Radfahren mit Ampler\" subtitle=\"Ampler ist f\u00fcr dich da, um dir ein sorgenfreies Gef\u00fchl beim Radfahren zu geben\" background-color=\"\" text-color=\"\" class=\"wp-block-ampler-worry-free\"><items><item index=\"0\" label=\"30 Tage kostenlose R\u00fcckgabe\" label-link=\"\" text=\"Lieben oder zur\u00fcckgeben \u2013 du hast 30 Tage Zeit, es dir anders zu \u00fcberlegen. Ohne Fragen.\" imageid=\"151546\" image=\"https:\/\/assets.ampler.bike\/a\/20250331230911\/local_shipping.png\" imagealt=\"\"><\/item><item index=\"1\" label=\"\u00a0<strong&gt;4 Jahre Garantie<\/strong&gt;\" label-link=\"\" text=\"4 Jahre Garantie auf das Fahrrad und 5 Jahre auf Rahmen und Gabel \u2013 f\u00fcr ein gutes Gef\u00fchl.\" imageid=\"151533\" image=\"https:\/\/assets.ampler.bike\/a\/20250331230856\/new_releases.png\" imagealt=\"\"><\/item><item index=\"2\" label=\"<strong&gt;Service in Europa<\/strong&gt;\" label-link=\"\" text=\"8 offizielle Servicepartner und \u00fcber 15 Ampler-freundliche Werkst\u00e4tten in ganz Europa halten dich mobil.\" imageid=\"151520\" image=\"https:\/\/assets.ampler.bike\/a\/20250331230844\/handyman.png\" imagealt=\"\"><\/item><item index=\"3\" label=\"Wir helfen dir weiter\" label-link=\"\" text=\"Echte Menschen, echte Hilfe. Unser Kundendienst ist schnell, freundlich und leicht erreichbar.\" imageid=\"151507\" image=\"https:\/\/assets.ampler.bike\/a\/20250331230828\/call_quality.png\" imagealt=\"\"><\/item><item index=\"4\" label=\"<strong&gt;Leasen<\/strong&gt;\" label-link=\"\" text=\"Flexible Leasingoptionen verf\u00fcgbar. Wir helfen dir, den passenden Plan zu finden.\" imageid=\"151494\" image=\"https:\/\/assets.ampler.bike\/a\/20250331230816\/checkbook.png\" imagealt=\"\"><\/item><\/items><\/usp>\n\n\n\n<div style=\"height:150px\" aria-hidden=\"true\" class=\"wp-block-spacer\"><\/div>\n\n\n\n<image-block-category title=\"Ampler Nova f\u00fcr den Alltag gemacht\" image=\"https:\/\/assets.ampler.bike\/a\/20250410154903\/Ampler-Nova-usb-c-charging-scaled.jpg\" mobile-tablet-image=\"https:\/\/assets.ampler.bike\/a\/20250411153157\/realpeopleampler.jpg\" button-text=\"Warum USB-C-Laden?\" button-link=\"https:\/\/amplerbikes.com\/de-DE\/blog\/warum-wir-das-weltweit-erste-usbc-aufladbare-ebike-entwickelt-haben\" class=\"wp-block-ampler-image-block-category\">Integriertes USB-C-Laden f\u00fcr jeden Tag, nachhaltig, wetterfest, unkompliziert.Warum USB-C-Laden?<\/image-block-category>\n\n\n\n<div style=\"height:150px\" aria-hidden=\"true\" class=\"wp-block-spacer\"><\/div>\n\n\n\n<faq title=\"H\u00e4ufig gestellte Fragen\" class=\"wp-block-ampler-faq\"><items><item index=\"0\" title=\"Welches USB-C-Ladeger\u00e4t ist mit meinem Nova E-Bike kompatibel?\">Du kannst dein Fahrrad mit den meisten Laptop- oder Multi-Ger\u00e4te-Ladeger\u00e4ten laden. Einige Schnellladeger\u00e4te f\u00fcr Handys funktionieren ebenfalls. Erforderlich sind mindestens 30 W (20 V, 1,5 A). F\u00fcr die schnellste Ladeleistung empfehlen wir ein 140 W USB-C-Ladeger\u00e4t.<\/item><item index=\"1\" title=\"Kann ich mein Handy mit dem Nova E-Bike laden?\">Ja, du kannst dein Handy \u00fcber das Nova E-Bike aufladen.<\/item><item index=\"2\" title=\"Kann ich mein E-Bike mit einer Powerbank laden?\">Ja, das ist m\u00f6glich. Achte darauf, dass die Powerbank mindestens 30 W Ausgangsleistung bietet, idealerweise 65 W oder mehr f\u00fcr eine optimale Ladeleistung.<\/item><item index=\"3\" title=\"Was soll ich tun, wenn Schmutz in den USB-C-Anschluss gelangt?\">Unsere USB-C-Anschl\u00fcsse sind durch eine Abdeckung gesch\u00fctzt, sodass kaum Schmutz eindringen kann. Falls es doch passiert, reinige den Anschluss vorsichtig, um Sch\u00e4den zu vermeiden. Beginne mit kurzen Luftst\u00f6\u00dfen aus einem Druckluftspray in einem leichten Winkel (bitte keinen hohen Druck verwenden). Wenn das nicht ausreicht, benutze eine weiche B\u00fcrste, um den Schmutz zu l\u00f6sen, und versuche es anschlie\u00dfend noch einmal mit Luft.<\/item><item index=\"4\" title=\"<strong&gt;Was passiert, wenn der USB-C-Anschluss nass wird?<\/strong&gt;\">Der USB-C-Anschluss ist wetterfest und durch eine Abdeckung gesch\u00fctzt. Wenn er nass wird, funktioniert er bei Feuchtigkeit vor\u00fcbergehend nicht, sobald er vollst\u00e4ndig trocken ist, arbeitet er wieder wie gewohnt. Achte einfach darauf, die Abdeckung geschlossen zu halten, wenn der Anschluss nicht verwendet wird.<\/item><\/items><\/faq>\n\n\n\n<div style=\"height:150px\" aria-hidden=\"true\" class=\"wp-block-spacer\"><\/div>\n\n\n\n<image-block-cta subtitle=\"Im Laden Probe fahren oder online bestellen, mit 30 Tagen R\u00fcckgaberecht.\" title=\"Erst fahren, dann entscheiden.\" image=\"https:\/\/assets.ampler.bike\/a\/20250410161117\/Usb-c-chargable-ebike-test-ride-scaled.jpg\" mobile-tablet-image=\"https:\/\/assets.ampler.bike\/a\/20250411153740\/cta-1.jpg\" class=\"wp-block-ampler-image-block-cta\"><buttons><button index=\"0\" text=\"E-Bikes entdecken\" link=\"\/[locale]\/e-bikes\" color=\"white\"><\/button><button index=\"1\" text=\"Testfahrt buchen\" link=\"\/[locale]\/test-ride\" color=\"ghost-light\"><\/button><\/buttons><\/image-block-cta>\n","protected":false},"excerpt":{"rendered":"<p>Unsere E-Bikes mit USB-C-Unterst\u00fctzung<\/p>\n","protected":false},"author":34,"featured_media":164238,"parent":0,"menu_order":0,"comment_status":"closed","ping_status":"closed","template":"","meta":{"footnotes":""},"_links":{"self":[{"href":"https:\/\/wp.ampler.bike\/de-AT\/wp-json\/wp\/v2\/pages\/159390"}],"collection":[{"href":"https:\/\/wp.ampler.bike\/de-AT\/wp-json\/wp\/v2\/pages"}],"about":[{"href":"https:\/\/wp.ampler.bike\/de-AT\/wp-json\/wp\/v2\/types\/page"}],"author":[{"embeddable":true,"href":"https:\/\/wp.ampler.bike\/de-AT\/wp-json\/wp\/v2\/users\/34"}],"replies":[{"embeddable":true,"href":"https:\/\/wp.ampler.bike\/de-AT\/wp-json\/wp\/v2\/comments?post=159390"}],"version-history":[{"count":13,"href":"https:\/\/wp.ampler.bike\/de-AT\/wp-json\/wp\/v2\/pages\/159390\/revisions"}],"predecessor-version":[{"id":178451,"href":"https:\/\/wp.ampler.bike\/de-AT\/wp-json\/wp\/v2\/pages\/159390\/revisions\/178451"}],"wp:featuredmedia":[{"embeddable":true,"href":"https:\/\/wp.ampler.bike\/de-AT\/wp-json\/wp\/v2\/media\/164238"}],"wp:attachment":[{"href":"https:\/\/wp.ampler.bike\/de-AT\/wp-json\/wp\/v2\/media?parent=159390"}],"curies":[{"name":"wp","href":"https:\/\/api.w.org\/{rel}","templated":true}]}}